{"id":1611,"date":"2015-12-11T19:14:42","date_gmt":"2015-12-11T18:14:42","guid":{"rendered":"http:\/\/marcinsolowiej.pl\/?page_id=1611"},"modified":"2015-12-13T10:24:13","modified_gmt":"2015-12-13T09:24:13","slug":"inne-zwierzeta","status":"publish","type":"page","link":"http:\/\/marcinsolowiej.pl\/?page_id=1611","title":{"rendered":"inne zwierz\u0119ta"},"content":{"rendered":"\n\t\t<style type=\"text\/css\">\n\t\t\t#gallery-1 {\n\t\t\t\tmargin: auto;\n\t\t\t}\n\t\t\t#gallery-1 .gallery-item {\n\t\t\t\tfloat: left;\n\t\t\t\tmargin-top: 10px;\n\t\t\t\ttext-align: center;\n\t\t\t\twidth: 33%;\n\t\t\t}\n\t\t\t#gallery-1 img {\n\t\t\t\tborder: 2px solid #cfcfcf;\n\t\t\t}\n\t\t\t#gallery-1 .gallery-caption {\n\t\t\t\tmargin-left: 0;\n\t\t\t}\n\t\t\t\/* see gallery_shortcode() in wp-includes\/media.php *\/\n\t\t<\/style>\n\t\t<div id='gallery-1' class='gallery galleryid-1611 gallery-columns-3 gallery-size-thumbnail'><dl class='gallery-item'>\n\t\t\t<dt class='gallery-icon landscape'>\n\t\t\t\t<a href='http:\/\/marcinsolowiej.pl\/?attachment_id=1723'><img loading=\"lazy\" decoding=\"async\" width=\"200\" height=\"133\" src=\"http:\/\/marcinsolowiej.pl\/wp-content\/uploads\/2015\/12\/Roughtail-rock-agama_Stellagama-stellio_Izrael_19042015_MRS_4271_01-200x133.jpg\" class=\"attachment-thumbnail size-thumbnail\" alt=\"Roughtail rock agama\" aria-describedby=\"gallery-1-1723\" srcset=\"http:\/\/marcinsolowiej.pl\/wp-content\/uploads\/2015\/12\/Roughtail-rock-agama_Stellagama-stellio_Izrael_19042015_MRS_4271_01-200x133.jpg 200w, http:\/\/marcinsolowiej.pl\/wp-content\/uploads\/2015\/12\/Roughtail-rock-agama_Stellagama-stellio_Izrael_19042015_MRS_4271_01-624x416.jpg 624w, http:\/\/marcinsolowiej.pl\/wp-content\/uploads\/2015\/12\/Roughtail-rock-agama_Stellagama-stellio_Izrael_19042015_MRS_4271_01.jpg 900w\" sizes=\"auto, (max-width: 200px) 100vw, 200px\" \/><\/a>\n\t\t\t<\/dt>\n\t\t\t\t<dd class='wp-caption-text gallery-caption' id='gallery-1-1723'>\n\t\t\t\thardun<i>Negev desert, Izrael, 25.04.2015<\/i>\n\t\t\t\t<\/dd><\/dl><dl class='gallery-item'>\n\t\t\t<dt class='gallery-icon landscape'>\n\t\t\t\t<a href='http:\/\/marcinsolowiej.pl\/?attachment_id=1724'><img loading=\"lazy\" decoding=\"async\" width=\"200\" height=\"133\" src=\"http:\/\/marcinsolowiej.pl\/wp-content\/uploads\/2015\/12\/Roughtail-rock-agama_Stellagama-stellio_Izrael_25042015_MRS_0536_01-200x133.jpg\" class=\"attachment-thumbnail size-thumbnail\" alt=\"Roughtail rock agama\" aria-describedby=\"gallery-1-1724\" srcset=\"http:\/\/marcinsolowiej.pl\/wp-content\/uploads\/2015\/12\/Roughtail-rock-agama_Stellagama-stellio_Izrael_25042015_MRS_0536_01-200x133.jpg 200w, http:\/\/marcinsolowiej.pl\/wp-content\/uploads\/2015\/12\/Roughtail-rock-agama_Stellagama-stellio_Izrael_25042015_MRS_0536_01-624x416.jpg 624w, http:\/\/marcinsolowiej.pl\/wp-content\/uploads\/2015\/12\/Roughtail-rock-agama_Stellagama-stellio_Izrael_25042015_MRS_0536_01.jpg 900w\" sizes=\"auto, (max-width: 200px) 100vw, 200px\" \/><\/a>\n\t\t\t<\/dt>\n\t\t\t\t<dd class='wp-caption-text gallery-caption' id='gallery-1-1724'>\n\t\t\t\thardun<i>Mt Harmon, Izrael, 25.04.2015<\/i>\n\t\t\t\t<\/dd><\/dl><dl class='gallery-item'>\n\t\t\t<dt class='gallery-icon landscape'>\n\t\t\t\t<a href='http:\/\/marcinsolowiej.pl\/?attachment_id=1717'><img loading=\"lazy\" decoding=\"async\" width=\"200\" height=\"133\" src=\"http:\/\/marcinsolowiej.pl\/wp-content\/uploads\/2015\/12\/Desert-agama_Trapelus-mutabilis_MRS_6072_01-200x133.jpg\" class=\"attachment-thumbnail size-thumbnail\" alt=\"Desert agama\" aria-describedby=\"gallery-1-1717\" srcset=\"http:\/\/marcinsolowiej.pl\/wp-content\/uploads\/2015\/12\/Desert-agama_Trapelus-mutabilis_MRS_6072_01-200x133.jpg 200w, http:\/\/marcinsolowiej.pl\/wp-content\/uploads\/2015\/12\/Desert-agama_Trapelus-mutabilis_MRS_6072_01-624x416.jpg 624w, http:\/\/marcinsolowiej.pl\/wp-content\/uploads\/2015\/12\/Desert-agama_Trapelus-mutabilis_MRS_6072_01.jpg 900w\" sizes=\"auto, (max-width: 200px) 100vw, 200px\" \/><\/a>\n\t\t\t<\/dt>\n\t\t\t\t<dd class='wp-caption-text gallery-caption' id='gallery-1-1717'>\n\t\t\t\tagama pustynna<i>Eilat, Izrael, 20.04.2015<\/i>\n\t\t\t\t<\/dd><\/dl><br style=\"clear: both\" \/><dl class='gallery-item'>\n\t\t\t<dt class='gallery-icon landscape'>\n\t\t\t\t<a href='http:\/\/marcinsolowiej.pl\/?attachment_id=1719'><img loading=\"lazy\" decoding=\"async\" width=\"200\" height=\"133\" src=\"http:\/\/marcinsolowiej.pl\/wp-content\/uploads\/2015\/12\/Egyptian-tortoise_Testudo-kleinmanni_DSCN9891_01-200x133.jpg\" class=\"attachment-thumbnail size-thumbnail\" alt=\"Egyptian tortoise\" aria-describedby=\"gallery-1-1719\" srcset=\"http:\/\/marcinsolowiej.pl\/wp-content\/uploads\/2015\/12\/Egyptian-tortoise_Testudo-kleinmanni_DSCN9891_01-200x133.jpg 200w, http:\/\/marcinsolowiej.pl\/wp-content\/uploads\/2015\/12\/Egyptian-tortoise_Testudo-kleinmanni_DSCN9891_01-624x416.jpg 624w, http:\/\/marcinsolowiej.pl\/wp-content\/uploads\/2015\/12\/Egyptian-tortoise_Testudo-kleinmanni_DSCN9891_01.jpg 900w\" sizes=\"auto, (max-width: 200px) 100vw, 200px\" \/><\/a>\n\t\t\t<\/dt>\n\t\t\t\t<dd class='wp-caption-text gallery-caption' id='gallery-1-1719'>\n\t\t\t\t\u017c\u00f3\u0142w egipski<i>Lahav, Izrael, 24.04.2015<\/i>\n\t\t\t\t<\/dd><\/dl><dl class='gallery-item'>\n\t\t\t<dt class='gallery-icon landscape'>\n\t\t\t\t<a href='http:\/\/marcinsolowiej.pl\/?attachment_id=1720'><img loading=\"lazy\" decoding=\"async\" width=\"200\" height=\"133\" src=\"http:\/\/marcinsolowiej.pl\/wp-content\/uploads\/2015\/12\/Golden-Spiny-Mouse_Acomys-russatus_Wadi-Salvadore_22042015_MRS_7351_01-200x133.jpg\" class=\"attachment-thumbnail size-thumbnail\" alt=\"Golden Spiny Mouse\" aria-describedby=\"gallery-1-1720\" srcset=\"http:\/\/marcinsolowiej.pl\/wp-content\/uploads\/2015\/12\/Golden-Spiny-Mouse_Acomys-russatus_Wadi-Salvadore_22042015_MRS_7351_01-200x133.jpg 200w, http:\/\/marcinsolowiej.pl\/wp-content\/uploads\/2015\/12\/Golden-Spiny-Mouse_Acomys-russatus_Wadi-Salvadore_22042015_MRS_7351_01-624x416.jpg 624w, http:\/\/marcinsolowiej.pl\/wp-content\/uploads\/2015\/12\/Golden-Spiny-Mouse_Acomys-russatus_Wadi-Salvadore_22042015_MRS_7351_01.jpg 900w\" sizes=\"auto, (max-width: 200px) 100vw, 200px\" \/><\/a>\n\t\t\t<\/dt>\n\t\t\t\t<dd class='wp-caption-text gallery-caption' id='gallery-1-1720'>\n\t\t\t\tkolcomysz z\u0142otawa<i>Wadi Salvadore, Izrael, 22.04.2015<\/i>\n\t\t\t\t<\/dd><\/dl><dl class='gallery-item'>\n\t\t\t<dt class='gallery-icon landscape'>\n\t\t\t\t<a href='http:\/\/marcinsolowiej.pl\/?attachment_id=1722'><img loading=\"lazy\" decoding=\"async\" width=\"200\" height=\"133\" src=\"http:\/\/marcinsolowiej.pl\/wp-content\/uploads\/2015\/12\/Rock-Hyrax_Procavia-capensis_Wadi-Salvadore_22042015_MRS_7247_01-200x133.jpg\" class=\"attachment-thumbnail size-thumbnail\" alt=\"Rock Hyrax\" aria-describedby=\"gallery-1-1722\" srcset=\"http:\/\/marcinsolowiej.pl\/wp-content\/uploads\/2015\/12\/Rock-Hyrax_Procavia-capensis_Wadi-Salvadore_22042015_MRS_7247_01-200x133.jpg 200w, http:\/\/marcinsolowiej.pl\/wp-content\/uploads\/2015\/12\/Rock-Hyrax_Procavia-capensis_Wadi-Salvadore_22042015_MRS_7247_01-624x416.jpg 624w, http:\/\/marcinsolowiej.pl\/wp-content\/uploads\/2015\/12\/Rock-Hyrax_Procavia-capensis_Wadi-Salvadore_22042015_MRS_7247_01.jpg 900w\" sizes=\"auto, (max-width: 200px) 100vw, 200px\" \/><\/a>\n\t\t\t<\/dt>\n\t\t\t\t<dd class='wp-caption-text gallery-caption' id='gallery-1-1722'>\n\t\t\t\tg\u00f3ralek przyl\u0105dkowy<i>Wadi Salvadore, Izrael, 22.04.2015<\/i>\n\t\t\t\t<\/dd><\/dl><br style=\"clear: both\" \/><dl class='gallery-item'>\n\t\t\t<dt class='gallery-icon landscape'>\n\t\t\t\t<a href='http:\/\/marcinsolowiej.pl\/?attachment_id=1718'><img loading=\"lazy\" decoding=\"async\" width=\"200\" height=\"133\" src=\"http:\/\/marcinsolowiej.pl\/wp-content\/uploads\/2015\/12\/Dorcas-Gazelle_Gazella-dorcas_Nizzana_Negev-Desert_Israel_19042015_MRS_4020_01-200x133.jpg\" class=\"attachment-thumbnail size-thumbnail\" alt=\"Dorcas Gazelle\" aria-describedby=\"gallery-1-1718\" srcset=\"http:\/\/marcinsolowiej.pl\/wp-content\/uploads\/2015\/12\/Dorcas-Gazelle_Gazella-dorcas_Nizzana_Negev-Desert_Israel_19042015_MRS_4020_01-200x133.jpg 200w, http:\/\/marcinsolowiej.pl\/wp-content\/uploads\/2015\/12\/Dorcas-Gazelle_Gazella-dorcas_Nizzana_Negev-Desert_Israel_19042015_MRS_4020_01-624x416.jpg 624w, http:\/\/marcinsolowiej.pl\/wp-content\/uploads\/2015\/12\/Dorcas-Gazelle_Gazella-dorcas_Nizzana_Negev-Desert_Israel_19042015_MRS_4020_01.jpg 900w\" sizes=\"auto, (max-width: 200px) 100vw, 200px\" \/><\/a>\n\t\t\t<\/dt>\n\t\t\t\t<dd class='wp-caption-text gallery-caption' id='gallery-1-1718'>\n\t\t\t\tgazela pustynna<i>Nizzana, Negev Desert, Izrael, 19.04.2015<\/i>\n\t\t\t\t<\/dd><\/dl><dl class='gallery-item'>\n\t\t\t<dt class='gallery-icon landscape'>\n\t\t\t\t<a href='http:\/\/marcinsolowiej.pl\/?attachment_id=1721'><img loading=\"lazy\" decoding=\"async\" width=\"200\" height=\"133\" src=\"http:\/\/marcinsolowiej.pl\/wp-content\/uploads\/2015\/12\/Nubian-Ibex_Carpa-nubiana_Mitzpe-Ramon_Negev-Desert_Israel_19042015_DSCN9554_01-200x133.jpg\" class=\"attachment-thumbnail size-thumbnail\" alt=\"Nubian Ibex\" aria-describedby=\"gallery-1-1721\" srcset=\"http:\/\/marcinsolowiej.pl\/wp-content\/uploads\/2015\/12\/Nubian-Ibex_Carpa-nubiana_Mitzpe-Ramon_Negev-Desert_Israel_19042015_DSCN9554_01-200x133.jpg 200w, http:\/\/marcinsolowiej.pl\/wp-content\/uploads\/2015\/12\/Nubian-Ibex_Carpa-nubiana_Mitzpe-Ramon_Negev-Desert_Israel_19042015_DSCN9554_01-624x416.jpg 624w, http:\/\/marcinsolowiej.pl\/wp-content\/uploads\/2015\/12\/Nubian-Ibex_Carpa-nubiana_Mitzpe-Ramon_Negev-Desert_Israel_19042015_DSCN9554_01.jpg 900w\" sizes=\"auto, (max-width: 200px) 100vw, 200px\" \/><\/a>\n\t\t\t<\/dt>\n\t\t\t\t<dd class='wp-caption-text gallery-caption' id='gallery-1-1721'>\n\t\t\t\tkozioro\u017cec nubijski<i> Mitzpe Ramon, Negev Desert, Izrael, 19.04.2015<\/i>\n\t\t\t\t<\/dd><\/dl><dl class='gallery-item'>\n\t\t\t<dt class='gallery-icon landscape'>\n\t\t\t\t<a href='http:\/\/marcinsolowiej.pl\/?attachment_id=1726'><img loading=\"lazy\" decoding=\"async\" width=\"200\" height=\"133\" src=\"http:\/\/marcinsolowiej.pl\/wp-content\/uploads\/2015\/12\/Wolf_Canis-lupus_Wadi-Salvadore_22042015_MRS_8847_01-200x133.jpg\" class=\"attachment-thumbnail size-thumbnail\" alt=\"Wolf\" aria-describedby=\"gallery-1-1726\" srcset=\"http:\/\/marcinsolowiej.pl\/wp-content\/uploads\/2015\/12\/Wolf_Canis-lupus_Wadi-Salvadore_22042015_MRS_8847_01-200x133.jpg 200w, http:\/\/marcinsolowiej.pl\/wp-content\/uploads\/2015\/12\/Wolf_Canis-lupus_Wadi-Salvadore_22042015_MRS_8847_01-624x416.jpg 624w, http:\/\/marcinsolowiej.pl\/wp-content\/uploads\/2015\/12\/Wolf_Canis-lupus_Wadi-Salvadore_22042015_MRS_8847_01.jpg 900w\" sizes=\"auto, (max-width: 200px) 100vw, 200px\" \/><\/a>\n\t\t\t<\/dt>\n\t\t\t\t<dd class='wp-caption-text gallery-caption' id='gallery-1-1726'>\n\t\t\t\twilk<i>m\u0142ode, Wadi Salvadore, Izrael, 22.04.2015<\/i>\n\t\t\t\t<\/dd><\/dl><br style=\"clear: both\" \/><dl class='gallery-item'>\n\t\t\t<dt class='gallery-icon landscape'>\n\t\t\t\t<a href='http:\/\/marcinsolowiej.pl\/?attachment_id=1725'><img loading=\"lazy\" decoding=\"async\" width=\"200\" height=\"133\" src=\"http:\/\/marcinsolowiej.pl\/wp-content\/uploads\/2015\/12\/Wolf_Canis-lupus_Wadi-Salvadore_22042015_MRS_8834_01-200x133.jpg\" class=\"attachment-thumbnail size-thumbnail\" alt=\"Wolf\" aria-describedby=\"gallery-1-1725\" srcset=\"http:\/\/marcinsolowiej.pl\/wp-content\/uploads\/2015\/12\/Wolf_Canis-lupus_Wadi-Salvadore_22042015_MRS_8834_01-200x133.jpg 200w, http:\/\/marcinsolowiej.pl\/wp-content\/uploads\/2015\/12\/Wolf_Canis-lupus_Wadi-Salvadore_22042015_MRS_8834_01-624x416.jpg 624w, http:\/\/marcinsolowiej.pl\/wp-content\/uploads\/2015\/12\/Wolf_Canis-lupus_Wadi-Salvadore_22042015_MRS_8834_01.jpg 900w\" sizes=\"auto, (max-width: 200px) 100vw, 200px\" \/><\/a>\n\t\t\t<\/dt>\n\t\t\t\t<dd class='wp-caption-text gallery-caption' id='gallery-1-1725'>\n\t\t\t\twilk<i>m\u0142ode, Wadi Salvadore, Izrael, 22.04.2015<\/i>\n\t\t\t\t<\/dd><\/dl><dl class='gallery-item'>\n\t\t\t<dt class='gallery-icon landscape'>\n\t\t\t\t<a href='http:\/\/marcinsolowiej.pl\/?attachment_id=1727'><img loading=\"lazy\" decoding=\"async\" width=\"200\" height=\"133\" src=\"http:\/\/marcinsolowiej.pl\/wp-content\/uploads\/2015\/12\/Wolf_Canis-lupus_Wadi-Salvadore_22042015_MRS_9027_01-200x133.jpg\" class=\"attachment-thumbnail size-thumbnail\" alt=\"Wolf\" aria-describedby=\"gallery-1-1727\" srcset=\"http:\/\/marcinsolowiej.pl\/wp-content\/uploads\/2015\/12\/Wolf_Canis-lupus_Wadi-Salvadore_22042015_MRS_9027_01-200x133.jpg 200w, http:\/\/marcinsolowiej.pl\/wp-content\/uploads\/2015\/12\/Wolf_Canis-lupus_Wadi-Salvadore_22042015_MRS_9027_01-624x416.jpg 624w, http:\/\/marcinsolowiej.pl\/wp-content\/uploads\/2015\/12\/Wolf_Canis-lupus_Wadi-Salvadore_22042015_MRS_9027_01.jpg 900w\" sizes=\"auto, (max-width: 200px) 100vw, 200px\" \/><\/a>\n\t\t\t<\/dt>\n\t\t\t\t<dd class='wp-caption-text gallery-caption' id='gallery-1-1727'>\n\t\t\t\twilk<i>m\u0142ody, Wadi Salvadore, Izrael, 22.04.2015<\/i>\n\t\t\t\t<\/dd><\/dl>\n\t\t\t<br style='clear: both' \/>\n\t\t<\/div>\n\n","protected":false},"excerpt":{"rendered":"","protected":false},"author":6,"featured_media":0,"parent":1606,"menu_order":2,"comment_status":"closed","ping_status":"open","template":"","meta":{"footnotes":""},"class_list":["post-1611","page","type-page","status-publish","hentry"],"_links":{"self":[{"href":"http:\/\/marcinsolowiej.pl\/index.php?rest_route=\/wp\/v2\/pages\/1611","targetHints":{"allow":["GET"]}}],"collection":[{"href":"http:\/\/marcinsolowiej.pl\/index.php?rest_route=\/wp\/v2\/pages"}],"about":[{"href":"http:\/\/marcinsolowiej.pl\/index.php?rest_route=\/wp\/v2\/types\/page"}],"author":[{"embeddable":true,"href":"http:\/\/marcinsolowiej.pl\/index.php?rest_route=\/wp\/v2\/users\/6"}],"replies":[{"embeddable":true,"href":"http:\/\/marcinsolowiej.pl\/index.php?rest_route=%2Fwp%2Fv2%2Fcomments&post=1611"}],"version-history":[{"count":2,"href":"http:\/\/marcinsolowiej.pl\/index.php?rest_route=\/wp\/v2\/pages\/1611\/revisions"}],"predecessor-version":[{"id":1728,"href":"http:\/\/marcinsolowiej.pl\/index.php?rest_route=\/wp\/v2\/pages\/1611\/revisions\/1728"}],"up":[{"embeddable":true,"href":"http:\/\/marcinsolowiej.pl\/index.php?rest_route=\/wp\/v2\/pages\/1606"}],"wp:attachment":[{"href":"http:\/\/marcinsolowiej.pl\/index.php?rest_route=%2Fwp%2Fv2%2Fmedia&parent=1611"}],"curies":[{"name":"wp","href":"https:\/\/api.w.org\/{rel}","templated":true}]}}