{"id":2163,"date":"2016-09-12T18:53:29","date_gmt":"2016-09-12T17:53:29","guid":{"rendered":"http:\/\/marcinsolowiej.pl\/?page_id=2163"},"modified":"2017-08-07T18:01:31","modified_gmt":"2017-08-07T17:01:31","slug":"mewa-mala","status":"publish","type":"page","link":"http:\/\/marcinsolowiej.pl\/?page_id=2163","title":{"rendered":"mewa ma\u0142a"},"content":{"rendered":"\n\t\t<style type=\"text\/css\">\n\t\t\t#gallery-1 {\n\t\t\t\tmargin: auto;\n\t\t\t}\n\t\t\t#gallery-1 .gallery-item {\n\t\t\t\tfloat: left;\n\t\t\t\tmargin-top: 10px;\n\t\t\t\ttext-align: center;\n\t\t\t\twidth: 33%;\n\t\t\t}\n\t\t\t#gallery-1 img {\n\t\t\t\tborder: 2px solid #cfcfcf;\n\t\t\t}\n\t\t\t#gallery-1 .gallery-caption {\n\t\t\t\tmargin-left: 0;\n\t\t\t}\n\t\t\t\/* see gallery_shortcode() in wp-includes\/media.php *\/\n\t\t<\/style>\n\t\t<div id='gallery-1' class='gallery galleryid-2163 gallery-columns-3 gallery-size-thumbnail'><dl class='gallery-item'>\n\t\t\t<dt class='gallery-icon landscape'>\n\t\t\t\t<a href='http:\/\/marcinsolowiej.pl\/?attachment_id=2090'><img loading=\"lazy\" decoding=\"async\" width=\"200\" height=\"133\" src=\"http:\/\/marcinsolowiej.pl\/wp-content\/uploads\/2016\/08\/Hydrocoloeus-minutus_refulat_19062016_MRS_4500-200x133.jpg\" class=\"attachment-thumbnail size-thumbnail\" alt=\"Little Gull\" aria-describedby=\"gallery-1-2090\" srcset=\"http:\/\/marcinsolowiej.pl\/wp-content\/uploads\/2016\/08\/Hydrocoloeus-minutus_refulat_19062016_MRS_4500-200x133.jpg 200w, http:\/\/marcinsolowiej.pl\/wp-content\/uploads\/2016\/08\/Hydrocoloeus-minutus_refulat_19062016_MRS_4500-624x416.jpg 624w, http:\/\/marcinsolowiej.pl\/wp-content\/uploads\/2016\/08\/Hydrocoloeus-minutus_refulat_19062016_MRS_4500.jpg 900w\" sizes=\"auto, (max-width: 200px) 100vw, 200px\" \/><\/a>\n\t\t\t<\/dt>\n\t\t\t\t<dd class='wp-caption-text gallery-caption' id='gallery-1-2090'>\n\t\t\t\tmewa ma\u0142a<i>ad, \u015awinouj\u015bcie, 19.06.2016<\/i>\n\t\t\t\t<\/dd><\/dl><dl class='gallery-item'>\n\t\t\t<dt class='gallery-icon landscape'>\n\t\t\t\t<a href='http:\/\/marcinsolowiej.pl\/?attachment_id=2089'><img loading=\"lazy\" decoding=\"async\" width=\"200\" height=\"133\" src=\"http:\/\/marcinsolowiej.pl\/wp-content\/uploads\/2016\/08\/Hydrocoloeus-minutus_refulat_19062016_MRS_4466-200x133.jpg\" class=\"attachment-thumbnail size-thumbnail\" alt=\"Little Gull\" aria-describedby=\"gallery-1-2089\" srcset=\"http:\/\/marcinsolowiej.pl\/wp-content\/uploads\/2016\/08\/Hydrocoloeus-minutus_refulat_19062016_MRS_4466-200x133.jpg 200w, http:\/\/marcinsolowiej.pl\/wp-content\/uploads\/2016\/08\/Hydrocoloeus-minutus_refulat_19062016_MRS_4466-624x416.jpg 624w, http:\/\/marcinsolowiej.pl\/wp-content\/uploads\/2016\/08\/Hydrocoloeus-minutus_refulat_19062016_MRS_4466.jpg 900w\" sizes=\"auto, (max-width: 200px) 100vw, 200px\" \/><\/a>\n\t\t\t<\/dt>\n\t\t\t\t<dd class='wp-caption-text gallery-caption' id='gallery-1-2089'>\n\t\t\t\tmewa ma\u0142a<i>ad, \u015awinouj\u015bcie, 19.06.2016<\/i>\n\t\t\t\t<\/dd><\/dl><dl class='gallery-item'>\n\t\t\t<dt class='gallery-icon landscape'>\n\t\t\t\t<a href='http:\/\/marcinsolowiej.pl\/?attachment_id=2450'><img loading=\"lazy\" decoding=\"async\" width=\"200\" height=\"133\" src=\"http:\/\/marcinsolowiej.pl\/wp-content\/uploads\/2016\/12\/Hydrocoelus-minutus_Lawica-Slupska_Lubecki_12112016_MRS_7082-200x133.jpg\" class=\"attachment-thumbnail size-thumbnail\" alt=\"Little Gull\" aria-describedby=\"gallery-1-2450\" srcset=\"http:\/\/marcinsolowiej.pl\/wp-content\/uploads\/2016\/12\/Hydrocoelus-minutus_Lawica-Slupska_Lubecki_12112016_MRS_7082-200x133.jpg 200w, http:\/\/marcinsolowiej.pl\/wp-content\/uploads\/2016\/12\/Hydrocoelus-minutus_Lawica-Slupska_Lubecki_12112016_MRS_7082-624x416.jpg 624w, http:\/\/marcinsolowiej.pl\/wp-content\/uploads\/2016\/12\/Hydrocoelus-minutus_Lawica-Slupska_Lubecki_12112016_MRS_7082.jpg 900w\" sizes=\"auto, (max-width: 200px) 100vw, 200px\" \/><\/a>\n\t\t\t<\/dt>\n\t\t\t\t<dd class='wp-caption-text gallery-caption' id='gallery-1-2450'>\n\t\t\t\tmewa ma\u0142a<i>ad, \u0141awica S\u0142upska, 12.11.2016<\/i>\n\t\t\t\t<\/dd><\/dl><br style=\"clear: both\" \/><dl class='gallery-item'>\n\t\t\t<dt class='gallery-icon landscape'>\n\t\t\t\t<a href='http:\/\/marcinsolowiej.pl\/?attachment_id=2449'><img loading=\"lazy\" decoding=\"async\" width=\"200\" height=\"133\" src=\"http:\/\/marcinsolowiej.pl\/wp-content\/uploads\/2016\/12\/Hydrocoelus-minutus_Lawica-Slupska_Lubecki_12112016_MRS_7085-200x133.jpg\" class=\"attachment-thumbnail size-thumbnail\" alt=\"Little Gull\" aria-describedby=\"gallery-1-2449\" srcset=\"http:\/\/marcinsolowiej.pl\/wp-content\/uploads\/2016\/12\/Hydrocoelus-minutus_Lawica-Slupska_Lubecki_12112016_MRS_7085-200x133.jpg 200w, http:\/\/marcinsolowiej.pl\/wp-content\/uploads\/2016\/12\/Hydrocoelus-minutus_Lawica-Slupska_Lubecki_12112016_MRS_7085-624x416.jpg 624w, http:\/\/marcinsolowiej.pl\/wp-content\/uploads\/2016\/12\/Hydrocoelus-minutus_Lawica-Slupska_Lubecki_12112016_MRS_7085.jpg 900w\" sizes=\"auto, (max-width: 200px) 100vw, 200px\" \/><\/a>\n\t\t\t<\/dt>\n\t\t\t\t<dd class='wp-caption-text gallery-caption' id='gallery-1-2449'>\n\t\t\t\tmewa ma\u0142a<i>ad, \u0141awica S\u0142upska, 12.11.2016<\/i>\n\t\t\t\t<\/dd><\/dl><dl class='gallery-item'>\n\t\t\t<dt class='gallery-icon landscape'>\n\t\t\t\t<a href='http:\/\/marcinsolowiej.pl\/?attachment_id=2448'><img loading=\"lazy\" decoding=\"async\" width=\"200\" height=\"133\" src=\"http:\/\/marcinsolowiej.pl\/wp-content\/uploads\/2016\/12\/Hydrocoelus-minutus_Lawica-Slupska_Lubecki_12112016_MRS_7026-200x133.jpg\" class=\"attachment-thumbnail size-thumbnail\" alt=\"Little Gull\" aria-describedby=\"gallery-1-2448\" srcset=\"http:\/\/marcinsolowiej.pl\/wp-content\/uploads\/2016\/12\/Hydrocoelus-minutus_Lawica-Slupska_Lubecki_12112016_MRS_7026-200x133.jpg 200w, http:\/\/marcinsolowiej.pl\/wp-content\/uploads\/2016\/12\/Hydrocoelus-minutus_Lawica-Slupska_Lubecki_12112016_MRS_7026-624x416.jpg 624w, http:\/\/marcinsolowiej.pl\/wp-content\/uploads\/2016\/12\/Hydrocoelus-minutus_Lawica-Slupska_Lubecki_12112016_MRS_7026.jpg 900w\" sizes=\"auto, (max-width: 200px) 100vw, 200px\" \/><\/a>\n\t\t\t<\/dt>\n\t\t\t\t<dd class='wp-caption-text gallery-caption' id='gallery-1-2448'>\n\t\t\t\tmewa ma\u0142a<i>ad, \u0141awica S\u0142upska, 12.11.2016<\/i>\n\t\t\t\t<\/dd><\/dl><dl class='gallery-item'>\n\t\t\t<dt class='gallery-icon landscape'>\n\t\t\t\t<a href='http:\/\/marcinsolowiej.pl\/?attachment_id=2091'><img loading=\"lazy\" decoding=\"async\" width=\"200\" height=\"133\" src=\"http:\/\/marcinsolowiej.pl\/wp-content\/uploads\/2016\/08\/Hydrocoloeus-minutus_refulat_19062016_MRS_4613-200x133.jpg\" class=\"attachment-thumbnail size-thumbnail\" alt=\"Little Gull\" aria-describedby=\"gallery-1-2091\" srcset=\"http:\/\/marcinsolowiej.pl\/wp-content\/uploads\/2016\/08\/Hydrocoloeus-minutus_refulat_19062016_MRS_4613-200x133.jpg 200w, http:\/\/marcinsolowiej.pl\/wp-content\/uploads\/2016\/08\/Hydrocoloeus-minutus_refulat_19062016_MRS_4613-624x416.jpg 624w, http:\/\/marcinsolowiej.pl\/wp-content\/uploads\/2016\/08\/Hydrocoloeus-minutus_refulat_19062016_MRS_4613.jpg 900w\" sizes=\"auto, (max-width: 200px) 100vw, 200px\" \/><\/a>\n\t\t\t<\/dt>\n\t\t\t\t<dd class='wp-caption-text gallery-caption' id='gallery-1-2091'>\n\t\t\t\tmewa ma\u0142a<i>2cy, \u015awinouj\u015bcie, 19.06.2016<\/i>\n\t\t\t\t<\/dd><\/dl><br style=\"clear: both\" \/><dl class='gallery-item'>\n\t\t\t<dt class='gallery-icon landscape'>\n\t\t\t\t<a href='http:\/\/marcinsolowiej.pl\/?attachment_id=2986'><img loading=\"lazy\" decoding=\"async\" width=\"200\" height=\"133\" src=\"http:\/\/marcinsolowiej.pl\/wp-content\/uploads\/2017\/08\/Falochron_20072017_MRS_4123_1-200x133.jpg\" class=\"attachment-thumbnail size-thumbnail\" alt=\"Little Gull\" aria-describedby=\"gallery-1-2986\" srcset=\"http:\/\/marcinsolowiej.pl\/wp-content\/uploads\/2017\/08\/Falochron_20072017_MRS_4123_1-200x133.jpg 200w, http:\/\/marcinsolowiej.pl\/wp-content\/uploads\/2017\/08\/Falochron_20072017_MRS_4123_1-768x512.jpg 768w, http:\/\/marcinsolowiej.pl\/wp-content\/uploads\/2017\/08\/Falochron_20072017_MRS_4123_1-624x416.jpg 624w, http:\/\/marcinsolowiej.pl\/wp-content\/uploads\/2017\/08\/Falochron_20072017_MRS_4123_1.jpg 900w\" sizes=\"auto, (max-width: 200px) 100vw, 200px\" \/><\/a>\n\t\t\t<\/dt>\n\t\t\t\t<dd class='wp-caption-text gallery-caption' id='gallery-1-2986'>\n\t\t\t\tmewa ma\u0142a<i>2cy, \u015awinouj\u015bcie, 20.07.2017\n\t\t\t\t<\/dd><\/dl><dl class='gallery-item'>\n\t\t\t<dt class='gallery-icon landscape'>\n\t\t\t\t<a href='http:\/\/marcinsolowiej.pl\/?attachment_id=2985'><img loading=\"lazy\" decoding=\"async\" width=\"200\" height=\"133\" src=\"http:\/\/marcinsolowiej.pl\/wp-content\/uploads\/2017\/08\/Falochron_20072017_MRS_4124_1-200x133.jpg\" class=\"attachment-thumbnail size-thumbnail\" alt=\"Little Gull\" aria-describedby=\"gallery-1-2985\" srcset=\"http:\/\/marcinsolowiej.pl\/wp-content\/uploads\/2017\/08\/Falochron_20072017_MRS_4124_1-200x133.jpg 200w, http:\/\/marcinsolowiej.pl\/wp-content\/uploads\/2017\/08\/Falochron_20072017_MRS_4124_1-768x512.jpg 768w, http:\/\/marcinsolowiej.pl\/wp-content\/uploads\/2017\/08\/Falochron_20072017_MRS_4124_1-624x416.jpg 624w, http:\/\/marcinsolowiej.pl\/wp-content\/uploads\/2017\/08\/Falochron_20072017_MRS_4124_1.jpg 900w\" sizes=\"auto, (max-width: 200px) 100vw, 200px\" \/><\/a>\n\t\t\t<\/dt>\n\t\t\t\t<dd class='wp-caption-text gallery-caption' id='gallery-1-2985'>\n\t\t\t\tmewa ma\u0142a<i>2cy, \u015awinouj\u015bcie, 20.07.2017\n\t\t\t\t<\/dd><\/dl><dl class='gallery-item'>\n\t\t\t<dt class='gallery-icon landscape'>\n\t\t\t\t<a href='http:\/\/marcinsolowiej.pl\/?attachment_id=2984'><img loading=\"lazy\" decoding=\"async\" width=\"200\" height=\"133\" src=\"http:\/\/marcinsolowiej.pl\/wp-content\/uploads\/2017\/08\/Falochron_20072017_MRS_4137_1-200x133.jpg\" class=\"attachment-thumbnail size-thumbnail\" alt=\"Little Gull\" aria-describedby=\"gallery-1-2984\" srcset=\"http:\/\/marcinsolowiej.pl\/wp-content\/uploads\/2017\/08\/Falochron_20072017_MRS_4137_1-200x133.jpg 200w, http:\/\/marcinsolowiej.pl\/wp-content\/uploads\/2017\/08\/Falochron_20072017_MRS_4137_1-768x512.jpg 768w, http:\/\/marcinsolowiej.pl\/wp-content\/uploads\/2017\/08\/Falochron_20072017_MRS_4137_1-624x416.jpg 624w, http:\/\/marcinsolowiej.pl\/wp-content\/uploads\/2017\/08\/Falochron_20072017_MRS_4137_1.jpg 900w\" sizes=\"auto, (max-width: 200px) 100vw, 200px\" \/><\/a>\n\t\t\t<\/dt>\n\t\t\t\t<dd class='wp-caption-text gallery-caption' id='gallery-1-2984'>\n\t\t\t\tmewa ma\u0142a<i>2cy, \u015awinouj\u015bcie, 20.07.2017\n\t\t\t\t<\/dd><\/dl><br style=\"clear: both\" \/><dl class='gallery-item'>\n\t\t\t<dt class='gallery-icon landscape'>\n\t\t\t\t<a href='http:\/\/marcinsolowiej.pl\/?attachment_id=2983'><img loading=\"lazy\" decoding=\"async\" width=\"200\" height=\"133\" src=\"http:\/\/marcinsolowiej.pl\/wp-content\/uploads\/2017\/08\/Falochron_20072017_MRS_4145_1-200x133.jpg\" class=\"attachment-thumbnail size-thumbnail\" alt=\"Little Gull\" aria-describedby=\"gallery-1-2983\" srcset=\"http:\/\/marcinsolowiej.pl\/wp-content\/uploads\/2017\/08\/Falochron_20072017_MRS_4145_1-200x133.jpg 200w, http:\/\/marcinsolowiej.pl\/wp-content\/uploads\/2017\/08\/Falochron_20072017_MRS_4145_1-768x512.jpg 768w, http:\/\/marcinsolowiej.pl\/wp-content\/uploads\/2017\/08\/Falochron_20072017_MRS_4145_1-624x416.jpg 624w, http:\/\/marcinsolowiej.pl\/wp-content\/uploads\/2017\/08\/Falochron_20072017_MRS_4145_1.jpg 900w\" sizes=\"auto, (max-width: 200px) 100vw, 200px\" \/><\/a>\n\t\t\t<\/dt>\n\t\t\t\t<dd class='wp-caption-text gallery-caption' id='gallery-1-2983'>\n\t\t\t\tmewa ma\u0142a<i>2cy, \u015awinouj\u015bcie, 20.07.2017\n\t\t\t\t<\/dd><\/dl>\n\t\t\t<br style='clear: both' \/>\n\t\t<\/div>\n\n","protected":false},"excerpt":{"rendered":"","protected":false},"author":6,"featured_media":0,"parent":640,"menu_order":40,"comment_status":"closed","ping_status":"open","template":"","meta":{"footnotes":""},"class_list":["post-2163","page","type-page","status-publish","hentry"],"_links":{"self":[{"href":"http:\/\/marcinsolowiej.pl\/index.php?rest_route=\/wp\/v2\/pages\/2163","targetHints":{"allow":["GET"]}}],"collection":[{"href":"http:\/\/marcinsolowiej.pl\/index.php?rest_route=\/wp\/v2\/pages"}],"about":[{"href":"http:\/\/marcinsolowiej.pl\/index.php?rest_route=\/wp\/v2\/types\/page"}],"author":[{"embeddable":true,"href":"http:\/\/marcinsolowiej.pl\/index.php?rest_route=\/wp\/v2\/users\/6"}],"replies":[{"embeddable":true,"href":"http:\/\/marcinsolowiej.pl\/index.php?rest_route=%2Fwp%2Fv2%2Fcomments&post=2163"}],"version-history":[{"count":5,"href":"http:\/\/marcinsolowiej.pl\/index.php?rest_route=\/wp\/v2\/pages\/2163\/revisions"}],"predecessor-version":[{"id":3033,"href":"http:\/\/marcinsolowiej.pl\/index.php?rest_route=\/wp\/v2\/pages\/2163\/revisions\/3033"}],"up":[{"embeddable":true,"href":"http:\/\/marcinsolowiej.pl\/index.php?rest_route=\/wp\/v2\/pages\/640"}],"wp:attachment":[{"href":"http:\/\/marcinsolowiej.pl\/index.php?rest_route=%2Fwp%2Fv2%2Fmedia&parent=2163"}],"curies":[{"name":"wp","href":"https:\/\/api.w.org\/{rel}","templated":true}]}}