{"id":2181,"date":"2016-09-12T19:13:22","date_gmt":"2016-09-12T18:13:22","guid":{"rendered":"http:\/\/marcinsolowiej.pl\/?page_id=2181"},"modified":"2017-06-23T22:00:53","modified_gmt":"2017-06-23T21:00:53","slug":"mewa-zoltonoga","status":"publish","type":"page","link":"http:\/\/marcinsolowiej.pl\/?page_id=2181","title":{"rendered":"mewa \u017c\u00f3\u0142tonoga"},"content":{"rendered":"\n\t\t<style type=\"text\/css\">\n\t\t\t#gallery-1 {\n\t\t\t\tmargin: auto;\n\t\t\t}\n\t\t\t#gallery-1 .gallery-item {\n\t\t\t\tfloat: left;\n\t\t\t\tmargin-top: 10px;\n\t\t\t\ttext-align: center;\n\t\t\t\twidth: 33%;\n\t\t\t}\n\t\t\t#gallery-1 img {\n\t\t\t\tborder: 2px solid #cfcfcf;\n\t\t\t}\n\t\t\t#gallery-1 .gallery-caption {\n\t\t\t\tmargin-left: 0;\n\t\t\t}\n\t\t\t\/* see gallery_shortcode() in wp-includes\/media.php *\/\n\t\t<\/style>\n\t\t<div id='gallery-1' class='gallery galleryid-2181 gallery-columns-3 gallery-size-thumbnail'><dl class='gallery-item'>\n\t\t\t<dt class='gallery-icon landscape'>\n\t\t\t\t<a href='http:\/\/marcinsolowiej.pl\/?attachment_id=2138'><img loading=\"lazy\" decoding=\"async\" width=\"200\" height=\"133\" src=\"http:\/\/marcinsolowiej.pl\/wp-content\/uploads\/2016\/09\/Larus-fuscus_Dr-Lubecki_Lawica-Slupska_07092016_MRS_3464-200x133.jpg\" class=\"attachment-thumbnail size-thumbnail\" alt=\"Lesser Black-backed Gull\" aria-describedby=\"gallery-1-2138\" srcset=\"http:\/\/marcinsolowiej.pl\/wp-content\/uploads\/2016\/09\/Larus-fuscus_Dr-Lubecki_Lawica-Slupska_07092016_MRS_3464-200x133.jpg 200w, http:\/\/marcinsolowiej.pl\/wp-content\/uploads\/2016\/09\/Larus-fuscus_Dr-Lubecki_Lawica-Slupska_07092016_MRS_3464-624x416.jpg 624w, http:\/\/marcinsolowiej.pl\/wp-content\/uploads\/2016\/09\/Larus-fuscus_Dr-Lubecki_Lawica-Slupska_07092016_MRS_3464.jpg 900w\" sizes=\"auto, (max-width: 200px) 100vw, 200px\" \/><\/a>\n\t\t\t<\/dt>\n\t\t\t\t<dd class='wp-caption-text gallery-caption' id='gallery-1-2138'>\n\t\t\t\tmewa \u017c\u00f3\u0142tonoga<i>juv, \u0141awica S\u0142upska, 07.09.2016<\/i>\n\t\t\t\t<\/dd><\/dl><dl class='gallery-item'>\n\t\t\t<dt class='gallery-icon landscape'>\n\t\t\t\t<a href='http:\/\/marcinsolowiej.pl\/?attachment_id=2137'><img loading=\"lazy\" decoding=\"async\" width=\"200\" height=\"133\" src=\"http:\/\/marcinsolowiej.pl\/wp-content\/uploads\/2016\/09\/Larus-fuscus_Dr-Lubecki_Lawica-Slupska_07092016_MRS_3466-200x133.jpg\" class=\"attachment-thumbnail size-thumbnail\" alt=\"Lesser Black-backed Gull\" aria-describedby=\"gallery-1-2137\" srcset=\"http:\/\/marcinsolowiej.pl\/wp-content\/uploads\/2016\/09\/Larus-fuscus_Dr-Lubecki_Lawica-Slupska_07092016_MRS_3466-200x133.jpg 200w, http:\/\/marcinsolowiej.pl\/wp-content\/uploads\/2016\/09\/Larus-fuscus_Dr-Lubecki_Lawica-Slupska_07092016_MRS_3466-624x416.jpg 624w, http:\/\/marcinsolowiej.pl\/wp-content\/uploads\/2016\/09\/Larus-fuscus_Dr-Lubecki_Lawica-Slupska_07092016_MRS_3466.jpg 900w\" sizes=\"auto, (max-width: 200px) 100vw, 200px\" \/><\/a>\n\t\t\t<\/dt>\n\t\t\t\t<dd class='wp-caption-text gallery-caption' id='gallery-1-2137'>\n\t\t\t\tmewa \u017c\u00f3\u0142tonoga<i>juv, \u0141awica S\u0142upska, 07.09.2016<\/i>\n\t\t\t\t<\/dd><\/dl><dl class='gallery-item'>\n\t\t\t<dt class='gallery-icon landscape'>\n\t\t\t\t<a href='http:\/\/marcinsolowiej.pl\/?attachment_id=2067'><img loading=\"lazy\" decoding=\"async\" width=\"200\" height=\"133\" src=\"http:\/\/marcinsolowiej.pl\/wp-content\/uploads\/2016\/05\/MRS_1795-200x133.jpg\" class=\"attachment-thumbnail size-thumbnail\" alt=\"Lesser Black-backed Gull\" aria-describedby=\"gallery-1-2067\" srcset=\"http:\/\/marcinsolowiej.pl\/wp-content\/uploads\/2016\/05\/MRS_1795-200x133.jpg 200w, http:\/\/marcinsolowiej.pl\/wp-content\/uploads\/2016\/05\/MRS_1795-624x416.jpg 624w, http:\/\/marcinsolowiej.pl\/wp-content\/uploads\/2016\/05\/MRS_1795.jpg 900w\" sizes=\"auto, (max-width: 200px) 100vw, 200px\" \/><\/a>\n\t\t\t<\/dt>\n\t\t\t\t<dd class='wp-caption-text gallery-caption' id='gallery-1-2067'>\n\t\t\t\tmewa \u017c\u00f3\u0142tonoga<i>ad, \u0141awica S\u0142upska, 21.05.2016<\/i>\n\t\t\t\t<\/dd><\/dl><br style=\"clear: both\" \/>\n\t\t<\/div>\n\n","protected":false},"excerpt":{"rendered":"","protected":false},"author":6,"featured_media":0,"parent":640,"menu_order":110,"comment_status":"closed","ping_status":"open","template":"","meta":{"footnotes":""},"class_list":["post-2181","page","type-page","status-publish","hentry"],"_links":{"self":[{"href":"http:\/\/marcinsolowiej.pl\/index.php?rest_route=\/wp\/v2\/pages\/2181","targetHints":{"allow":["GET"]}}],"collection":[{"href":"http:\/\/marcinsolowiej.pl\/index.php?rest_route=\/wp\/v2\/pages"}],"about":[{"href":"http:\/\/marcinsolowiej.pl\/index.php?rest_route=\/wp\/v2\/types\/page"}],"author":[{"embeddable":true,"href":"http:\/\/marcinsolowiej.pl\/index.php?rest_route=\/wp\/v2\/users\/6"}],"replies":[{"embeddable":true,"href":"http:\/\/marcinsolowiej.pl\/index.php?rest_route=%2Fwp%2Fv2%2Fcomments&post=2181"}],"version-history":[{"count":4,"href":"http:\/\/marcinsolowiej.pl\/index.php?rest_route=\/wp\/v2\/pages\/2181\/revisions"}],"predecessor-version":[{"id":2821,"href":"http:\/\/marcinsolowiej.pl\/index.php?rest_route=\/wp\/v2\/pages\/2181\/revisions\/2821"}],"up":[{"embeddable":true,"href":"http:\/\/marcinsolowiej.pl\/index.php?rest_route=\/wp\/v2\/pages\/640"}],"wp:attachment":[{"href":"http:\/\/marcinsolowiej.pl\/index.php?rest_route=%2Fwp%2Fv2%2Fmedia&parent=2181"}],"curies":[{"name":"wp","href":"https:\/\/api.w.org\/{rel}","templated":true}]}}