{"id":2257,"date":"2016-09-12T20:53:29","date_gmt":"2016-09-12T19:53:29","guid":{"rendered":"http:\/\/marcinsolowiej.pl\/?page_id=2257"},"modified":"2016-11-23T20:28:25","modified_gmt":"2016-11-23T19:28:25","slug":"krogulec","status":"publish","type":"page","link":"http:\/\/marcinsolowiej.pl\/?page_id=2257","title":{"rendered":"krogulec"},"content":{"rendered":"\n\t\t<style type=\"text\/css\">\n\t\t\t#gallery-1 {\n\t\t\t\tmargin: auto;\n\t\t\t}\n\t\t\t#gallery-1 .gallery-item {\n\t\t\t\tfloat: left;\n\t\t\t\tmargin-top: 10px;\n\t\t\t\ttext-align: center;\n\t\t\t\twidth: 33%;\n\t\t\t}\n\t\t\t#gallery-1 img {\n\t\t\t\tborder: 2px solid #cfcfcf;\n\t\t\t}\n\t\t\t#gallery-1 .gallery-caption {\n\t\t\t\tmargin-left: 0;\n\t\t\t}\n\t\t\t\/* see gallery_shortcode() in wp-includes\/media.php *\/\n\t\t<\/style>\n\t\t<div id='gallery-1' class='gallery galleryid-2257 gallery-columns-3 gallery-size-thumbnail'><dl class='gallery-item'>\n\t\t\t<dt class='gallery-icon landscape'>\n\t\t\t\t<a href='http:\/\/marcinsolowiej.pl\/?attachment_id=2064'><img loading=\"lazy\" decoding=\"async\" width=\"200\" height=\"133\" src=\"http:\/\/marcinsolowiej.pl\/wp-content\/uploads\/2016\/05\/MRS_1339-200x133.jpg\" class=\"attachment-thumbnail size-thumbnail\" alt=\"Eurasian Sparrowhawk , imm\" aria-describedby=\"gallery-1-2064\" srcset=\"http:\/\/marcinsolowiej.pl\/wp-content\/uploads\/2016\/05\/MRS_1339-200x133.jpg 200w, http:\/\/marcinsolowiej.pl\/wp-content\/uploads\/2016\/05\/MRS_1339-624x416.jpg 624w, http:\/\/marcinsolowiej.pl\/wp-content\/uploads\/2016\/05\/MRS_1339.jpg 900w\" sizes=\"auto, (max-width: 200px) 100vw, 200px\" \/><\/a>\n\t\t\t<\/dt>\n\t\t\t\t<dd class='wp-caption-text gallery-caption' id='gallery-1-2064'>\n\t\t\t\tkrogulec<i>m\u0142ody, imm, \u0141awica S\u0142upska, 19.05.2016<\/i>\n\t\t\t\t<\/dd><\/dl><dl class='gallery-item'>\n\t\t\t<dt class='gallery-icon landscape'>\n\t\t\t\t<a href='http:\/\/marcinsolowiej.pl\/?attachment_id=2132'><img loading=\"lazy\" decoding=\"async\" width=\"200\" height=\"133\" src=\"http:\/\/marcinsolowiej.pl\/wp-content\/uploads\/2016\/09\/Accypiter-nissus_refulat_29082016_MRS_0848-200x133.jpg\" class=\"attachment-thumbnail size-thumbnail\" alt=\"Eurasian Sparrowhawk\" aria-describedby=\"gallery-1-2132\" srcset=\"http:\/\/marcinsolowiej.pl\/wp-content\/uploads\/2016\/09\/Accypiter-nissus_refulat_29082016_MRS_0848-200x133.jpg 200w, http:\/\/marcinsolowiej.pl\/wp-content\/uploads\/2016\/09\/Accypiter-nissus_refulat_29082016_MRS_0848-624x416.jpg 624w, http:\/\/marcinsolowiej.pl\/wp-content\/uploads\/2016\/09\/Accypiter-nissus_refulat_29082016_MRS_0848.jpg 900w\" sizes=\"auto, (max-width: 200px) 100vw, 200px\" \/><\/a>\n\t\t\t<\/dt>\n\t\t\t\t<dd class='wp-caption-text gallery-caption' id='gallery-1-2132'>\n\t\t\t\tkrogulec<i>\u015awinouj\u015bcie, 29.08.2016<\/i>\n\t\t\t\t<\/dd><\/dl>\n\t\t\t<br style='clear: both' \/>\n\t\t<\/div>\n\n","protected":false},"excerpt":{"rendered":"","protected":false},"author":6,"featured_media":0,"parent":609,"menu_order":260,"comment_status":"closed","ping_status":"open","template":"","meta":{"footnotes":""},"class_list":["post-2257","page","type-page","status-publish","hentry"],"_links":{"self":[{"href":"http:\/\/marcinsolowiej.pl\/index.php?rest_route=\/wp\/v2\/pages\/2257","targetHints":{"allow":["GET"]}}],"collection":[{"href":"http:\/\/marcinsolowiej.pl\/index.php?rest_route=\/wp\/v2\/pages"}],"about":[{"href":"http:\/\/marcinsolowiej.pl\/index.php?rest_route=\/wp\/v2\/types\/page"}],"author":[{"embeddable":true,"href":"http:\/\/marcinsolowiej.pl\/index.php?rest_route=\/wp\/v2\/users\/6"}],"replies":[{"embeddable":true,"href":"http:\/\/marcinsolowiej.pl\/index.php?rest_route=%2Fwp%2Fv2%2Fcomments&post=2257"}],"version-history":[{"count":3,"href":"http:\/\/marcinsolowiej.pl\/index.php?rest_route=\/wp\/v2\/pages\/2257\/revisions"}],"predecessor-version":[{"id":2414,"href":"http:\/\/marcinsolowiej.pl\/index.php?rest_route=\/wp\/v2\/pages\/2257\/revisions\/2414"}],"up":[{"embeddable":true,"href":"http:\/\/marcinsolowiej.pl\/index.php?rest_route=\/wp\/v2\/pages\/609"}],"wp:attachment":[{"href":"http:\/\/marcinsolowiej.pl\/index.php?rest_route=%2Fwp%2Fv2%2Fmedia&parent=2257"}],"curies":[{"name":"wp","href":"https:\/\/api.w.org\/{rel}","templated":true}]}}