{"id":2685,"date":"2017-06-21T15:44:38","date_gmt":"2017-06-21T14:44:38","guid":{"rendered":"http:\/\/marcinsolowiej.pl\/?page_id=2685"},"modified":"2022-08-22T18:23:37","modified_gmt":"2022-08-22T17:23:37","slug":"skowronek","status":"publish","type":"page","link":"http:\/\/marcinsolowiej.pl\/?page_id=2685","title":{"rendered":"skowronek"},"content":{"rendered":"\n\t\t<style type=\"text\/css\">\n\t\t\t#gallery-1 {\n\t\t\t\tmargin: auto;\n\t\t\t}\n\t\t\t#gallery-1 .gallery-item {\n\t\t\t\tfloat: left;\n\t\t\t\tmargin-top: 10px;\n\t\t\t\ttext-align: center;\n\t\t\t\twidth: 33%;\n\t\t\t}\n\t\t\t#gallery-1 img {\n\t\t\t\tborder: 2px solid #cfcfcf;\n\t\t\t}\n\t\t\t#gallery-1 .gallery-caption {\n\t\t\t\tmargin-left: 0;\n\t\t\t}\n\t\t\t\/* see gallery_shortcode() in wp-includes\/media.php *\/\n\t\t<\/style>\n\t\t<div id='gallery-1' class='gallery galleryid-2685 gallery-columns-3 gallery-size-thumbnail'><dl class='gallery-item'>\n\t\t\t<dt class='gallery-icon landscape'>\n\t\t\t\t<a href='http:\/\/marcinsolowiej.pl\/?attachment_id=2108'><img loading=\"lazy\" decoding=\"async\" width=\"200\" height=\"133\" src=\"http:\/\/marcinsolowiej.pl\/wp-content\/uploads\/2016\/08\/Alauda-arvensis_Czarnocin_28052016_MRS_2740-200x133.jpg\" class=\"attachment-thumbnail size-thumbnail\" alt=\"Skylark\" aria-describedby=\"gallery-1-2108\" srcset=\"http:\/\/marcinsolowiej.pl\/wp-content\/uploads\/2016\/08\/Alauda-arvensis_Czarnocin_28052016_MRS_2740-200x133.jpg 200w, http:\/\/marcinsolowiej.pl\/wp-content\/uploads\/2016\/08\/Alauda-arvensis_Czarnocin_28052016_MRS_2740-624x416.jpg 624w, http:\/\/marcinsolowiej.pl\/wp-content\/uploads\/2016\/08\/Alauda-arvensis_Czarnocin_28052016_MRS_2740.jpg 900w\" sizes=\"auto, (max-width: 200px) 100vw, 200px\" \/><\/a>\n\t\t\t<\/dt>\n\t\t\t\t<dd class='wp-caption-text gallery-caption' id='gallery-1-2108'>\n\t\t\t\tskowronek<i>juv, Czarnocin, pow. goleniowski, 28.05.2016<\/i>\n\t\t\t\t<\/dd><\/dl><dl class='gallery-item'>\n\t\t\t<dt class='gallery-icon landscape'>\n\t\t\t\t<a href='http:\/\/marcinsolowiej.pl\/?attachment_id=2107'><img loading=\"lazy\" decoding=\"async\" width=\"200\" height=\"133\" src=\"http:\/\/marcinsolowiej.pl\/wp-content\/uploads\/2016\/08\/Alauda-arvensis_Czarnocin_28052016_MRS_2726-200x133.jpg\" class=\"attachment-thumbnail size-thumbnail\" alt=\"Skylark\" aria-describedby=\"gallery-1-2107\" srcset=\"http:\/\/marcinsolowiej.pl\/wp-content\/uploads\/2016\/08\/Alauda-arvensis_Czarnocin_28052016_MRS_2726-200x133.jpg 200w, http:\/\/marcinsolowiej.pl\/wp-content\/uploads\/2016\/08\/Alauda-arvensis_Czarnocin_28052016_MRS_2726-624x416.jpg 624w, http:\/\/marcinsolowiej.pl\/wp-content\/uploads\/2016\/08\/Alauda-arvensis_Czarnocin_28052016_MRS_2726.jpg 900w\" sizes=\"auto, (max-width: 200px) 100vw, 200px\" \/><\/a>\n\t\t\t<\/dt>\n\t\t\t\t<dd class='wp-caption-text gallery-caption' id='gallery-1-2107'>\n\t\t\t\tskowronek<i>juv, Czarnocin, pow. goleniowski, 28.05.2016<\/i>\n\t\t\t\t<\/dd><\/dl><dl class='gallery-item'>\n\t\t\t<dt class='gallery-icon landscape'>\n\t\t\t\t<a href='http:\/\/marcinsolowiej.pl\/?attachment_id=2693'><img loading=\"lazy\" decoding=\"async\" width=\"200\" height=\"133\" src=\"http:\/\/marcinsolowiej.pl\/wp-content\/uploads\/2017\/06\/Alauda-arvensis_K\u0142opotowo_19062013_MRS_7584-200x133.jpg\" class=\"attachment-thumbnail size-thumbnail\" alt=\"Skylark\" aria-describedby=\"gallery-1-2693\" srcset=\"http:\/\/marcinsolowiej.pl\/wp-content\/uploads\/2017\/06\/Alauda-arvensis_K\u0142opotowo_19062013_MRS_7584-200x133.jpg 200w, http:\/\/marcinsolowiej.pl\/wp-content\/uploads\/2017\/06\/Alauda-arvensis_K\u0142opotowo_19062013_MRS_7584-624x416.jpg 624w, http:\/\/marcinsolowiej.pl\/wp-content\/uploads\/2017\/06\/Alauda-arvensis_K\u0142opotowo_19062013_MRS_7584.jpg 900w\" sizes=\"auto, (max-width: 200px) 100vw, 200px\" \/><\/a>\n\t\t\t<\/dt>\n\t\t\t\t<dd class='wp-caption-text gallery-caption' id='gallery-1-2693'>\n\t\t\t\tskowronek<i>K\u0142opotowo, pow.gorzowski, 19.06.2013<\/i>\n\t\t\t\t<\/dd><\/dl><br style=\"clear: both\" \/><dl class='gallery-item'>\n\t\t\t<dt class='gallery-icon landscape'>\n\t\t\t\t<a href='http:\/\/marcinsolowiej.pl\/?attachment_id=3413'><img loading=\"lazy\" decoding=\"async\" width=\"200\" height=\"133\" src=\"http:\/\/marcinsolowiej.pl\/wp-content\/uploads\/2018\/04\/Alauda-arvensis_Nowa-Wie\u015b_02042018_MRS1249-200x133.jpg\" class=\"attachment-thumbnail size-thumbnail\" alt=\"Eurasian Skylark\" aria-describedby=\"gallery-1-3413\" srcset=\"http:\/\/marcinsolowiej.pl\/wp-content\/uploads\/2018\/04\/Alauda-arvensis_Nowa-Wie\u015b_02042018_MRS1249-200x133.jpg 200w, http:\/\/marcinsolowiej.pl\/wp-content\/uploads\/2018\/04\/Alauda-arvensis_Nowa-Wie\u015b_02042018_MRS1249-768x512.jpg 768w, http:\/\/marcinsolowiej.pl\/wp-content\/uploads\/2018\/04\/Alauda-arvensis_Nowa-Wie\u015b_02042018_MRS1249-1024x683.jpg 1024w, http:\/\/marcinsolowiej.pl\/wp-content\/uploads\/2018\/04\/Alauda-arvensis_Nowa-Wie\u015b_02042018_MRS1249-624x416.jpg 624w, http:\/\/marcinsolowiej.pl\/wp-content\/uploads\/2018\/04\/Alauda-arvensis_Nowa-Wie\u015b_02042018_MRS1249.jpg 1200w\" sizes=\"auto, (max-width: 200px) 100vw, 200px\" \/><\/a>\n\t\t\t<\/dt>\n\t\t\t\t<dd class='wp-caption-text gallery-caption' id='gallery-1-3413'>\n\t\t\t\tskowronek <i>Nowa Wie\u015b, dolno\u015bl\u0105skie 02.04.2018<\/i>\n\t\t\t\t<\/dd><\/dl>\n\t\t\t<br style='clear: both' \/>\n\t\t<\/div>\n\n","protected":false},"excerpt":{"rendered":"","protected":false},"author":6,"featured_media":0,"parent":672,"menu_order":7,"comment_status":"closed","ping_status":"open","template":"","meta":{"footnotes":""},"class_list":["post-2685","page","type-page","status-publish","hentry"],"_links":{"self":[{"href":"http:\/\/marcinsolowiej.pl\/index.php?rest_route=\/wp\/v2\/pages\/2685","targetHints":{"allow":["GET"]}}],"collection":[{"href":"http:\/\/marcinsolowiej.pl\/index.php?rest_route=\/wp\/v2\/pages"}],"about":[{"href":"http:\/\/marcinsolowiej.pl\/index.php?rest_route=\/wp\/v2\/types\/page"}],"author":[{"embeddable":true,"href":"http:\/\/marcinsolowiej.pl\/index.php?rest_route=\/wp\/v2\/users\/6"}],"replies":[{"embeddable":true,"href":"http:\/\/marcinsolowiej.pl\/index.php?rest_route=%2Fwp%2Fv2%2Fcomments&post=2685"}],"version-history":[{"count":4,"href":"http:\/\/marcinsolowiej.pl\/index.php?rest_route=\/wp\/v2\/pages\/2685\/revisions"}],"predecessor-version":[{"id":4058,"href":"http:\/\/marcinsolowiej.pl\/index.php?rest_route=\/wp\/v2\/pages\/2685\/revisions\/4058"}],"up":[{"embeddable":true,"href":"http:\/\/marcinsolowiej.pl\/index.php?rest_route=\/wp\/v2\/pages\/672"}],"wp:attachment":[{"href":"http:\/\/marcinsolowiej.pl\/index.php?rest_route=%2Fwp%2Fv2%2Fmedia&parent=2685"}],"curies":[{"name":"wp","href":"https:\/\/api.w.org\/{rel}","templated":true}]}}