{"id":2722,"date":"2017-06-22T13:25:52","date_gmt":"2017-06-22T12:25:52","guid":{"rendered":"http:\/\/marcinsolowiej.pl\/?page_id=2722"},"modified":"2017-06-22T13:40:00","modified_gmt":"2017-06-22T12:40:00","slug":"pliszka-gorska","status":"publish","type":"page","link":"http:\/\/marcinsolowiej.pl\/?page_id=2722","title":{"rendered":"pliszka g\u00f3rska"},"content":{"rendered":"\n\t\t<style type=\"text\/css\">\n\t\t\t#gallery-1 {\n\t\t\t\tmargin: auto;\n\t\t\t}\n\t\t\t#gallery-1 .gallery-item {\n\t\t\t\tfloat: left;\n\t\t\t\tmargin-top: 10px;\n\t\t\t\ttext-align: center;\n\t\t\t\twidth: 33%;\n\t\t\t}\n\t\t\t#gallery-1 img {\n\t\t\t\tborder: 2px solid #cfcfcf;\n\t\t\t}\n\t\t\t#gallery-1 .gallery-caption {\n\t\t\t\tmargin-left: 0;\n\t\t\t}\n\t\t\t\/* see gallery_shortcode() in wp-includes\/media.php *\/\n\t\t<\/style>\n\t\t<div id='gallery-1' class='gallery galleryid-2722 gallery-columns-3 gallery-size-thumbnail'><dl class='gallery-item'>\n\t\t\t<dt class='gallery-icon landscape'>\n\t\t\t\t<a href='http:\/\/marcinsolowiej.pl\/?attachment_id=2094'><img loading=\"lazy\" decoding=\"async\" width=\"200\" height=\"133\" src=\"http:\/\/marcinsolowiej.pl\/wp-content\/uploads\/2016\/08\/Motacilla-cinerea_Zabowko_03072016_MRS_5314-200x133.jpg\" class=\"attachment-thumbnail size-thumbnail\" alt=\"Grey Wagtail\" aria-describedby=\"gallery-1-2094\" srcset=\"http:\/\/marcinsolowiej.pl\/wp-content\/uploads\/2016\/08\/Motacilla-cinerea_Zabowko_03072016_MRS_5314-200x133.jpg 200w, http:\/\/marcinsolowiej.pl\/wp-content\/uploads\/2016\/08\/Motacilla-cinerea_Zabowko_03072016_MRS_5314-624x416.jpg 624w, http:\/\/marcinsolowiej.pl\/wp-content\/uploads\/2016\/08\/Motacilla-cinerea_Zabowko_03072016_MRS_5314.jpg 900w\" sizes=\"auto, (max-width: 200px) 100vw, 200px\" \/><\/a>\n\t\t\t<\/dt>\n\t\t\t\t<dd class='wp-caption-text gallery-caption' id='gallery-1-2094'>\n\t\t\t\tpliszka g\u00f3rska<i>samiec, \u017bab\u00f3wko, pow. goleniowski, 03.07.2016<\/i>\n\t\t\t\t<\/dd><\/dl><dl class='gallery-item'>\n\t\t\t<dt class='gallery-icon landscape'>\n\t\t\t\t<a href='http:\/\/marcinsolowiej.pl\/?attachment_id=2097'><img loading=\"lazy\" decoding=\"async\" width=\"200\" height=\"133\" src=\"http:\/\/marcinsolowiej.pl\/wp-content\/uploads\/2016\/08\/Motacilla-cinerea_Zabowko_03072016_MRS_5403-200x133.jpg\" class=\"attachment-thumbnail size-thumbnail\" alt=\"Grey Wagtail\" aria-describedby=\"gallery-1-2097\" srcset=\"http:\/\/marcinsolowiej.pl\/wp-content\/uploads\/2016\/08\/Motacilla-cinerea_Zabowko_03072016_MRS_5403-200x133.jpg 200w, http:\/\/marcinsolowiej.pl\/wp-content\/uploads\/2016\/08\/Motacilla-cinerea_Zabowko_03072016_MRS_5403-624x416.jpg 624w, http:\/\/marcinsolowiej.pl\/wp-content\/uploads\/2016\/08\/Motacilla-cinerea_Zabowko_03072016_MRS_5403.jpg 900w\" sizes=\"auto, (max-width: 200px) 100vw, 200px\" \/><\/a>\n\t\t\t<\/dt>\n\t\t\t\t<dd class='wp-caption-text gallery-caption' id='gallery-1-2097'>\n\t\t\t\tpliszka g\u00f3rska<i>juv, \u017bab\u00f3wko, pow. goleniowski, 03.07.2016<\/i>\n\t\t\t\t<\/dd><\/dl><dl class='gallery-item'>\n\t\t\t<dt class='gallery-icon landscape'>\n\t\t\t\t<a href='http:\/\/marcinsolowiej.pl\/?attachment_id=2095'><img loading=\"lazy\" decoding=\"async\" width=\"200\" height=\"133\" src=\"http:\/\/marcinsolowiej.pl\/wp-content\/uploads\/2016\/08\/Motacilla-cinerea_Zabowko_03072016_MRS_5341-200x133.jpg\" class=\"attachment-thumbnail size-thumbnail\" alt=\"Grey Wagtail\" aria-describedby=\"gallery-1-2095\" srcset=\"http:\/\/marcinsolowiej.pl\/wp-content\/uploads\/2016\/08\/Motacilla-cinerea_Zabowko_03072016_MRS_5341-200x133.jpg 200w, http:\/\/marcinsolowiej.pl\/wp-content\/uploads\/2016\/08\/Motacilla-cinerea_Zabowko_03072016_MRS_5341-624x416.jpg 624w, http:\/\/marcinsolowiej.pl\/wp-content\/uploads\/2016\/08\/Motacilla-cinerea_Zabowko_03072016_MRS_5341.jpg 900w\" sizes=\"auto, (max-width: 200px) 100vw, 200px\" \/><\/a>\n\t\t\t<\/dt>\n\t\t\t\t<dd class='wp-caption-text gallery-caption' id='gallery-1-2095'>\n\t\t\t\tpliszka g\u00f3rska<i>juv, \u017bab\u00f3wko, pow. goleniowski, 03.07.2016<\/i>\n\t\t\t\t<\/dd><\/dl><br style=\"clear: both\" \/><dl class='gallery-item'>\n\t\t\t<dt class='gallery-icon landscape'>\n\t\t\t\t<a href='http:\/\/marcinsolowiej.pl\/?attachment_id=2096'><img loading=\"lazy\" decoding=\"async\" width=\"200\" height=\"133\" src=\"http:\/\/marcinsolowiej.pl\/wp-content\/uploads\/2016\/08\/Motacilla-cinerea_Zabowko_03072016_MRS_5369-200x133.jpg\" class=\"attachment-thumbnail size-thumbnail\" alt=\"Grey Wagtail\" aria-describedby=\"gallery-1-2096\" srcset=\"http:\/\/marcinsolowiej.pl\/wp-content\/uploads\/2016\/08\/Motacilla-cinerea_Zabowko_03072016_MRS_5369-200x133.jpg 200w, http:\/\/marcinsolowiej.pl\/wp-content\/uploads\/2016\/08\/Motacilla-cinerea_Zabowko_03072016_MRS_5369-624x416.jpg 624w, http:\/\/marcinsolowiej.pl\/wp-content\/uploads\/2016\/08\/Motacilla-cinerea_Zabowko_03072016_MRS_5369.jpg 900w\" sizes=\"auto, (max-width: 200px) 100vw, 200px\" \/><\/a>\n\t\t\t<\/dt>\n\t\t\t\t<dd class='wp-caption-text gallery-caption' id='gallery-1-2096'>\n\t\t\t\tpliszka g\u00f3rska<i>juv, \u017bab\u00f3wko, pow. goleniowski, 03.07.2016<\/i>\n\t\t\t\t<\/dd><\/dl><dl class='gallery-item'>\n\t\t\t<dt class='gallery-icon landscape'>\n\t\t\t\t<a href='http:\/\/marcinsolowiej.pl\/?attachment_id=2098'><img loading=\"lazy\" decoding=\"async\" width=\"200\" height=\"133\" src=\"http:\/\/marcinsolowiej.pl\/wp-content\/uploads\/2016\/08\/Motacilla-cinerea_Zabowko_03072016_MRS_5437-200x133.jpg\" class=\"attachment-thumbnail size-thumbnail\" alt=\"Grey Wagtail\" aria-describedby=\"gallery-1-2098\" srcset=\"http:\/\/marcinsolowiej.pl\/wp-content\/uploads\/2016\/08\/Motacilla-cinerea_Zabowko_03072016_MRS_5437-200x133.jpg 200w, http:\/\/marcinsolowiej.pl\/wp-content\/uploads\/2016\/08\/Motacilla-cinerea_Zabowko_03072016_MRS_5437-624x416.jpg 624w, http:\/\/marcinsolowiej.pl\/wp-content\/uploads\/2016\/08\/Motacilla-cinerea_Zabowko_03072016_MRS_5437.jpg 900w\" sizes=\"auto, (max-width: 200px) 100vw, 200px\" \/><\/a>\n\t\t\t<\/dt>\n\t\t\t\t<dd class='wp-caption-text gallery-caption' id='gallery-1-2098'>\n\t\t\t\tpliszka g\u00f3rska<i>juv, \u017bab\u00f3wko, pow. goleniowski, 03.07.2016<\/i>\n\t\t\t\t<\/dd><\/dl>\n\t\t\t<br style='clear: both' \/>\n\t\t<\/div>\n\n","protected":false},"excerpt":{"rendered":"","protected":false},"author":6,"featured_media":0,"parent":676,"menu_order":10,"comment_status":"closed","ping_status":"open","template":"","meta":{"footnotes":""},"class_list":["post-2722","page","type-page","status-publish","hentry"],"_links":{"self":[{"href":"http:\/\/marcinsolowiej.pl\/index.php?rest_route=\/wp\/v2\/pages\/2722","targetHints":{"allow":["GET"]}}],"collection":[{"href":"http:\/\/marcinsolowiej.pl\/index.php?rest_route=\/wp\/v2\/pages"}],"about":[{"href":"http:\/\/marcinsolowiej.pl\/index.php?rest_route=\/wp\/v2\/types\/page"}],"author":[{"embeddable":true,"href":"http:\/\/marcinsolowiej.pl\/index.php?rest_route=\/wp\/v2\/users\/6"}],"replies":[{"embeddable":true,"href":"http:\/\/marcinsolowiej.pl\/index.php?rest_route=%2Fwp%2Fv2%2Fcomments&post=2722"}],"version-history":[{"count":2,"href":"http:\/\/marcinsolowiej.pl\/index.php?rest_route=\/wp\/v2\/pages\/2722\/revisions"}],"predecessor-version":[{"id":2727,"href":"http:\/\/marcinsolowiej.pl\/index.php?rest_route=\/wp\/v2\/pages\/2722\/revisions\/2727"}],"up":[{"embeddable":true,"href":"http:\/\/marcinsolowiej.pl\/index.php?rest_route=\/wp\/v2\/pages\/676"}],"wp:attachment":[{"href":"http:\/\/marcinsolowiej.pl\/index.php?rest_route=%2Fwp%2Fv2%2Fmedia&parent=2722"}],"curies":[{"name":"wp","href":"https:\/\/api.w.org\/{rel}","templated":true}]}}