{"id":2751,"date":"2017-06-22T23:20:36","date_gmt":"2017-06-22T22:20:36","guid":{"rendered":"http:\/\/marcinsolowiej.pl\/?page_id=2751"},"modified":"2017-11-13T18:15:59","modified_gmt":"2017-11-13T17:15:59","slug":"labedz-niemy","status":"publish","type":"page","link":"http:\/\/marcinsolowiej.pl\/?page_id=2751","title":{"rendered":"\u0142ab\u0119d\u017a niemy"},"content":{"rendered":"\n\t\t<style type=\"text\/css\">\n\t\t\t#gallery-1 {\n\t\t\t\tmargin: auto;\n\t\t\t}\n\t\t\t#gallery-1 .gallery-item {\n\t\t\t\tfloat: left;\n\t\t\t\tmargin-top: 10px;\n\t\t\t\ttext-align: center;\n\t\t\t\twidth: 33%;\n\t\t\t}\n\t\t\t#gallery-1 img {\n\t\t\t\tborder: 2px solid #cfcfcf;\n\t\t\t}\n\t\t\t#gallery-1 .gallery-caption {\n\t\t\t\tmargin-left: 0;\n\t\t\t}\n\t\t\t\/* see gallery_shortcode() in wp-includes\/media.php *\/\n\t\t<\/style>\n\t\t<div id='gallery-1' class='gallery galleryid-2751 gallery-columns-3 gallery-size-thumbnail'><dl class='gallery-item'>\n\t\t\t<dt class='gallery-icon landscape'>\n\t\t\t\t<a href='http:\/\/marcinsolowiej.pl\/?attachment_id=538'><img loading=\"lazy\" decoding=\"async\" width=\"200\" height=\"133\" src=\"http:\/\/marcinsolowiej.pl\/wp-content\/uploads\/2014\/03\/MG_6238-200x133.jpg\" class=\"attachment-thumbnail size-thumbnail\" alt=\"Mute Swan\" aria-describedby=\"gallery-1-538\" srcset=\"http:\/\/marcinsolowiej.pl\/wp-content\/uploads\/2014\/03\/MG_6238-200x133.jpg 200w, http:\/\/marcinsolowiej.pl\/wp-content\/uploads\/2014\/03\/MG_6238-624x416.jpg 624w, http:\/\/marcinsolowiej.pl\/wp-content\/uploads\/2014\/03\/MG_6238.jpg 900w\" sizes=\"auto, (max-width: 200px) 100vw, 200px\" \/><\/a>\n\t\t\t<\/dt>\n\t\t\t\t<dd class='wp-caption-text gallery-caption' id='gallery-1-538'>\n\t\t\t\t\u0142ab\u0119d\u017a niemy<i>Nowe Warpno, 08.06.2010<\/i>\n\t\t\t\t<\/dd><\/dl><dl class='gallery-item'>\n\t\t\t<dt class='gallery-icon landscape'>\n\t\t\t\t<a href='http:\/\/marcinsolowiej.pl\/?attachment_id=537'><img loading=\"lazy\" decoding=\"async\" width=\"200\" height=\"133\" src=\"http:\/\/marcinsolowiej.pl\/wp-content\/uploads\/2014\/03\/MG_6212-200x133.jpg\" class=\"attachment-thumbnail size-thumbnail\" alt=\"Mute Swan\" aria-describedby=\"gallery-1-537\" srcset=\"http:\/\/marcinsolowiej.pl\/wp-content\/uploads\/2014\/03\/MG_6212-200x133.jpg 200w, http:\/\/marcinsolowiej.pl\/wp-content\/uploads\/2014\/03\/MG_6212-624x416.jpg 624w, http:\/\/marcinsolowiej.pl\/wp-content\/uploads\/2014\/03\/MG_6212.jpg 900w\" sizes=\"auto, (max-width: 200px) 100vw, 200px\" \/><\/a>\n\t\t\t<\/dt>\n\t\t\t\t<dd class='wp-caption-text gallery-caption' id='gallery-1-537'>\n\t\t\t\t\u0142ab\u0119d\u017a niemy<i>Nowe Warpno, 08.06.2010<\/i>\n\t\t\t\t<\/dd><\/dl><dl class='gallery-item'>\n\t\t\t<dt class='gallery-icon landscape'>\n\t\t\t\t<a href='http:\/\/marcinsolowiej.pl\/?attachment_id=531'><img loading=\"lazy\" decoding=\"async\" width=\"200\" height=\"133\" src=\"http:\/\/marcinsolowiej.pl\/wp-content\/uploads\/2014\/03\/MG_6241-200x133.jpg\" class=\"attachment-thumbnail size-thumbnail\" alt=\"Mute Swan\" aria-describedby=\"gallery-1-531\" srcset=\"http:\/\/marcinsolowiej.pl\/wp-content\/uploads\/2014\/03\/MG_6241-200x133.jpg 200w, http:\/\/marcinsolowiej.pl\/wp-content\/uploads\/2014\/03\/MG_6241-624x416.jpg 624w, http:\/\/marcinsolowiej.pl\/wp-content\/uploads\/2014\/03\/MG_6241.jpg 900w\" sizes=\"auto, (max-width: 200px) 100vw, 200px\" \/><\/a>\n\t\t\t<\/dt>\n\t\t\t\t<dd class='wp-caption-text gallery-caption' id='gallery-1-531'>\n\t\t\t\t\u0142ab\u0119d\u017a niemy<i>Nowe Warpno, 08.06.2010<\/i>\n\t\t\t\t<\/dd><\/dl><br style=\"clear: both\" \/>\n\t\t<\/div>\n\n","protected":false},"excerpt":{"rendered":"","protected":false},"author":6,"featured_media":0,"parent":521,"menu_order":3,"comment_status":"closed","ping_status":"open","template":"","meta":{"footnotes":""},"class_list":["post-2751","page","type-page","status-publish","hentry"],"_links":{"self":[{"href":"http:\/\/marcinsolowiej.pl\/index.php?rest_route=\/wp\/v2\/pages\/2751","targetHints":{"allow":["GET"]}}],"collection":[{"href":"http:\/\/marcinsolowiej.pl\/index.php?rest_route=\/wp\/v2\/pages"}],"about":[{"href":"http:\/\/marcinsolowiej.pl\/index.php?rest_route=\/wp\/v2\/types\/page"}],"author":[{"embeddable":true,"href":"http:\/\/marcinsolowiej.pl\/index.php?rest_route=\/wp\/v2\/users\/6"}],"replies":[{"embeddable":true,"href":"http:\/\/marcinsolowiej.pl\/index.php?rest_route=%2Fwp%2Fv2%2Fcomments&post=2751"}],"version-history":[{"count":2,"href":"http:\/\/marcinsolowiej.pl\/index.php?rest_route=\/wp\/v2\/pages\/2751\/revisions"}],"predecessor-version":[{"id":2768,"href":"http:\/\/marcinsolowiej.pl\/index.php?rest_route=\/wp\/v2\/pages\/2751\/revisions\/2768"}],"up":[{"embeddable":true,"href":"http:\/\/marcinsolowiej.pl\/index.php?rest_route=\/wp\/v2\/pages\/521"}],"wp:attachment":[{"href":"http:\/\/marcinsolowiej.pl\/index.php?rest_route=%2Fwp%2Fv2%2Fmedia&parent=2751"}],"curies":[{"name":"wp","href":"https:\/\/api.w.org\/{rel}","templated":true}]}}