{"id":2753,"date":"2017-06-22T23:21:24","date_gmt":"2017-06-22T22:21:24","guid":{"rendered":"http:\/\/marcinsolowiej.pl\/?page_id=2753"},"modified":"2022-08-22T00:12:28","modified_gmt":"2022-08-21T23:12:28","slug":"labedz-krzykliwy","status":"publish","type":"page","link":"http:\/\/marcinsolowiej.pl\/?page_id=2753","title":{"rendered":"\u0142ab\u0119d\u017a krzykliwy"},"content":{"rendered":"\n\t\t<style type=\"text\/css\">\n\t\t\t#gallery-1 {\n\t\t\t\tmargin: auto;\n\t\t\t}\n\t\t\t#gallery-1 .gallery-item {\n\t\t\t\tfloat: left;\n\t\t\t\tmargin-top: 10px;\n\t\t\t\ttext-align: center;\n\t\t\t\twidth: 33%;\n\t\t\t}\n\t\t\t#gallery-1 img {\n\t\t\t\tborder: 2px solid #cfcfcf;\n\t\t\t}\n\t\t\t#gallery-1 .gallery-caption {\n\t\t\t\tmargin-left: 0;\n\t\t\t}\n\t\t\t\/* see gallery_shortcode() in wp-includes\/media.php *\/\n\t\t<\/style>\n\t\t<div id='gallery-1' class='gallery galleryid-2753 gallery-columns-3 gallery-size-thumbnail'><dl class='gallery-item'>\n\t\t\t<dt class='gallery-icon landscape'>\n\t\t\t\t<a href='http:\/\/marcinsolowiej.pl\/?attachment_id=546'><img loading=\"lazy\" decoding=\"async\" width=\"200\" height=\"133\" src=\"http:\/\/marcinsolowiej.pl\/wp-content\/uploads\/2014\/03\/Cygnus-cygnus_Kostrzynek_09032011_MG_5624-200x133.jpg\" class=\"attachment-thumbnail size-thumbnail\" alt=\"Whooper Swan\" aria-describedby=\"gallery-1-546\" srcset=\"http:\/\/marcinsolowiej.pl\/wp-content\/uploads\/2014\/03\/Cygnus-cygnus_Kostrzynek_09032011_MG_5624-200x133.jpg 200w, http:\/\/marcinsolowiej.pl\/wp-content\/uploads\/2014\/03\/Cygnus-cygnus_Kostrzynek_09032011_MG_5624-624x416.jpg 624w, http:\/\/marcinsolowiej.pl\/wp-content\/uploads\/2014\/03\/Cygnus-cygnus_Kostrzynek_09032011_MG_5624.jpg 900w\" sizes=\"auto, (max-width: 200px) 100vw, 200px\" \/><\/a>\n\t\t\t<\/dt>\n\t\t\t\t<dd class='wp-caption-text gallery-caption' id='gallery-1-546'>\n\t\t\t\t\u0142ab\u0119d\u017a krzykliwy<i>Rozlewisko Kostrzynek, 09.03.2011<\/i>\n\t\t\t\t<\/dd><\/dl><dl class='gallery-item'>\n\t\t\t<dt class='gallery-icon landscape'>\n\t\t\t\t<a href='http:\/\/marcinsolowiej.pl\/?attachment_id=545'><img loading=\"lazy\" decoding=\"async\" width=\"200\" height=\"133\" src=\"http:\/\/marcinsolowiej.pl\/wp-content\/uploads\/2014\/03\/Cygnus-cygnus_Slonsk_10052011_MG_5484-200x133.jpg\" class=\"attachment-thumbnail size-thumbnail\" alt=\"Whooper Swan\" aria-describedby=\"gallery-1-545\" srcset=\"http:\/\/marcinsolowiej.pl\/wp-content\/uploads\/2014\/03\/Cygnus-cygnus_Slonsk_10052011_MG_5484-200x133.jpg 200w, http:\/\/marcinsolowiej.pl\/wp-content\/uploads\/2014\/03\/Cygnus-cygnus_Slonsk_10052011_MG_5484-624x416.jpg 624w, http:\/\/marcinsolowiej.pl\/wp-content\/uploads\/2014\/03\/Cygnus-cygnus_Slonsk_10052011_MG_5484.jpg 900w\" sizes=\"auto, (max-width: 200px) 100vw, 200px\" \/><\/a>\n\t\t\t<\/dt>\n\t\t\t\t<dd class='wp-caption-text gallery-caption' id='gallery-1-545'>\n\t\t\t\t\u0142ab\u0119d\u017a krzykliwy<i>PN Uj\u015bcie Warty, 10.05.2011<\/i>\n\t\t\t\t<\/dd><\/dl><dl class='gallery-item'>\n\t\t\t<dt class='gallery-icon landscape'>\n\t\t\t\t<a href='http:\/\/marcinsolowiej.pl\/?attachment_id=544'><img loading=\"lazy\" decoding=\"async\" width=\"200\" height=\"133\" src=\"http:\/\/marcinsolowiej.pl\/wp-content\/uploads\/2014\/03\/Cygnus-cygnus_Dzwonowo_04102011_MG_5624-200x133.jpg\" class=\"attachment-thumbnail size-thumbnail\" alt=\"Whooper Swan\" aria-describedby=\"gallery-1-544\" srcset=\"http:\/\/marcinsolowiej.pl\/wp-content\/uploads\/2014\/03\/Cygnus-cygnus_Dzwonowo_04102011_MG_5624-200x133.jpg 200w, http:\/\/marcinsolowiej.pl\/wp-content\/uploads\/2014\/03\/Cygnus-cygnus_Dzwonowo_04102011_MG_5624-624x416.jpg 624w, http:\/\/marcinsolowiej.pl\/wp-content\/uploads\/2014\/03\/Cygnus-cygnus_Dzwonowo_04102011_MG_5624.jpg 900w\" sizes=\"auto, (max-width: 200px) 100vw, 200px\" \/><\/a>\n\t\t\t<\/dt>\n\t\t\t\t<dd class='wp-caption-text gallery-caption' id='gallery-1-544'>\n\t\t\t\t\u0142ab\u0119d\u017a krzykliwy<i>Dzwonowo, 01.10.2011<\/i>\n\t\t\t\t<\/dd><\/dl><br style=\"clear: both\" \/><dl class='gallery-item'>\n\t\t\t<dt class='gallery-icon landscape'>\n\t\t\t\t<a href='http:\/\/marcinsolowiej.pl\/?attachment_id=543'><img loading=\"lazy\" decoding=\"async\" width=\"200\" height=\"133\" src=\"http:\/\/marcinsolowiej.pl\/wp-content\/uploads\/2014\/03\/Cygnus-cygnus_Police_06012011_MG_4686-200x133.jpg\" class=\"attachment-thumbnail size-thumbnail\" alt=\"Whooper Swan\" aria-describedby=\"gallery-1-543\" srcset=\"http:\/\/marcinsolowiej.pl\/wp-content\/uploads\/2014\/03\/Cygnus-cygnus_Police_06012011_MG_4686-200x133.jpg 200w, http:\/\/marcinsolowiej.pl\/wp-content\/uploads\/2014\/03\/Cygnus-cygnus_Police_06012011_MG_4686-624x416.jpg 624w, http:\/\/marcinsolowiej.pl\/wp-content\/uploads\/2014\/03\/Cygnus-cygnus_Police_06012011_MG_4686.jpg 900w\" sizes=\"auto, (max-width: 200px) 100vw, 200px\" \/><\/a>\n\t\t\t<\/dt>\n\t\t\t\t<dd class='wp-caption-text gallery-caption' id='gallery-1-543'>\n\t\t\t\t\u0142ab\u0119d\u017a krzykliwy<i>Police, 05.01.2011<\/i>\n\t\t\t\t<\/dd><\/dl><dl class='gallery-item'>\n\t\t\t<dt class='gallery-icon landscape'>\n\t\t\t\t<a href='http:\/\/marcinsolowiej.pl\/?attachment_id=3442'><img loading=\"lazy\" decoding=\"async\" width=\"200\" height=\"133\" src=\"http:\/\/marcinsolowiej.pl\/wp-content\/uploads\/2018\/11\/Cygnus-cygnus_Dzwonowo_09112018_MRS9294-200x133.jpg\" class=\"attachment-thumbnail size-thumbnail\" alt=\"Whooper Swan\" aria-describedby=\"gallery-1-3442\" srcset=\"http:\/\/marcinsolowiej.pl\/wp-content\/uploads\/2018\/11\/Cygnus-cygnus_Dzwonowo_09112018_MRS9294-200x133.jpg 200w, http:\/\/marcinsolowiej.pl\/wp-content\/uploads\/2018\/11\/Cygnus-cygnus_Dzwonowo_09112018_MRS9294-768x512.jpg 768w, http:\/\/marcinsolowiej.pl\/wp-content\/uploads\/2018\/11\/Cygnus-cygnus_Dzwonowo_09112018_MRS9294-1024x683.jpg 1024w, http:\/\/marcinsolowiej.pl\/wp-content\/uploads\/2018\/11\/Cygnus-cygnus_Dzwonowo_09112018_MRS9294-624x416.jpg 624w, http:\/\/marcinsolowiej.pl\/wp-content\/uploads\/2018\/11\/Cygnus-cygnus_Dzwonowo_09112018_MRS9294.jpg 1200w\" sizes=\"auto, (max-width: 200px) 100vw, 200px\" \/><\/a>\n\t\t\t<\/dt>\n\t\t\t\t<dd class='wp-caption-text gallery-caption' id='gallery-1-3442'>\n\t\t\t\t\u0142ab\u0119d\u017a krzykliwy <i>m\u0142ode, Dzwonowo, 9.11.2018<\/i>\n\t\t\t\t<\/dd><\/dl><dl class='gallery-item'>\n\t\t\t<dt class='gallery-icon landscape'>\n\t\t\t\t<a href='http:\/\/marcinsolowiej.pl\/?attachment_id=3439'><img loading=\"lazy\" decoding=\"async\" width=\"200\" height=\"133\" src=\"http:\/\/marcinsolowiej.pl\/wp-content\/uploads\/2018\/11\/Cygnus-cygnus_Dzwonowo_09112018_MRS9299-200x133.jpg\" class=\"attachment-thumbnail size-thumbnail\" alt=\"Whooper Swan\" aria-describedby=\"gallery-1-3439\" srcset=\"http:\/\/marcinsolowiej.pl\/wp-content\/uploads\/2018\/11\/Cygnus-cygnus_Dzwonowo_09112018_MRS9299-200x133.jpg 200w, http:\/\/marcinsolowiej.pl\/wp-content\/uploads\/2018\/11\/Cygnus-cygnus_Dzwonowo_09112018_MRS9299-768x512.jpg 768w, http:\/\/marcinsolowiej.pl\/wp-content\/uploads\/2018\/11\/Cygnus-cygnus_Dzwonowo_09112018_MRS9299-1024x683.jpg 1024w, http:\/\/marcinsolowiej.pl\/wp-content\/uploads\/2018\/11\/Cygnus-cygnus_Dzwonowo_09112018_MRS9299-624x416.jpg 624w, http:\/\/marcinsolowiej.pl\/wp-content\/uploads\/2018\/11\/Cygnus-cygnus_Dzwonowo_09112018_MRS9299.jpg 1200w\" sizes=\"auto, (max-width: 200px) 100vw, 200px\" \/><\/a>\n\t\t\t<\/dt>\n\t\t\t\t<dd class='wp-caption-text gallery-caption' id='gallery-1-3439'>\n\t\t\t\t\u0142ab\u0119d\u017a krzykliwy <i>Dzwonowo, 9.11.2018<\/i>\n\t\t\t\t<\/dd><\/dl><br style=\"clear: both\" \/>\n\t\t<\/div>\n\n","protected":false},"excerpt":{"rendered":"","protected":false},"author":6,"featured_media":0,"parent":521,"menu_order":4,"comment_status":"closed","ping_status":"open","template":"","meta":{"footnotes":""},"class_list":["post-2753","page","type-page","status-publish","hentry"],"_links":{"self":[{"href":"http:\/\/marcinsolowiej.pl\/index.php?rest_route=\/wp\/v2\/pages\/2753","targetHints":{"allow":["GET"]}}],"collection":[{"href":"http:\/\/marcinsolowiej.pl\/index.php?rest_route=\/wp\/v2\/pages"}],"about":[{"href":"http:\/\/marcinsolowiej.pl\/index.php?rest_route=\/wp\/v2\/types\/page"}],"author":[{"embeddable":true,"href":"http:\/\/marcinsolowiej.pl\/index.php?rest_route=\/wp\/v2\/users\/6"}],"replies":[{"embeddable":true,"href":"http:\/\/marcinsolowiej.pl\/index.php?rest_route=%2Fwp%2Fv2%2Fcomments&post=2753"}],"version-history":[{"count":3,"href":"http:\/\/marcinsolowiej.pl\/index.php?rest_route=\/wp\/v2\/pages\/2753\/revisions"}],"predecessor-version":[{"id":4031,"href":"http:\/\/marcinsolowiej.pl\/index.php?rest_route=\/wp\/v2\/pages\/2753\/revisions\/4031"}],"up":[{"embeddable":true,"href":"http:\/\/marcinsolowiej.pl\/index.php?rest_route=\/wp\/v2\/pages\/521"}],"wp:attachment":[{"href":"http:\/\/marcinsolowiej.pl\/index.php?rest_route=%2Fwp%2Fv2%2Fmedia&parent=2753"}],"curies":[{"name":"wp","href":"https:\/\/api.w.org\/{rel}","templated":true}]}}