{"id":2894,"date":"2017-06-25T11:27:22","date_gmt":"2017-06-25T10:27:22","guid":{"rendered":"http:\/\/marcinsolowiej.pl\/?page_id=2894"},"modified":"2017-06-25T12:06:56","modified_gmt":"2017-06-25T11:06:56","slug":"jarzebatka","status":"publish","type":"page","link":"http:\/\/marcinsolowiej.pl\/?page_id=2894","title":{"rendered":"jarz\u0119batka"},"content":{"rendered":"\n\t\t<style type=\"text\/css\">\n\t\t\t#gallery-1 {\n\t\t\t\tmargin: auto;\n\t\t\t}\n\t\t\t#gallery-1 .gallery-item {\n\t\t\t\tfloat: left;\n\t\t\t\tmargin-top: 10px;\n\t\t\t\ttext-align: center;\n\t\t\t\twidth: 33%;\n\t\t\t}\n\t\t\t#gallery-1 img {\n\t\t\t\tborder: 2px solid #cfcfcf;\n\t\t\t}\n\t\t\t#gallery-1 .gallery-caption {\n\t\t\t\tmargin-left: 0;\n\t\t\t}\n\t\t\t\/* see gallery_shortcode() in wp-includes\/media.php *\/\n\t\t<\/style>\n\t\t<div id='gallery-1' class='gallery galleryid-2894 gallery-columns-3 gallery-size-thumbnail'><dl class='gallery-item'>\n\t\t\t<dt class='gallery-icon landscape'>\n\t\t\t\t<a href='http:\/\/marcinsolowiej.pl\/?attachment_id=2888'><img loading=\"lazy\" decoding=\"async\" width=\"200\" height=\"133\" src=\"http:\/\/marcinsolowiej.pl\/wp-content\/uploads\/2017\/06\/Sylvia-nisoria_Przesocin_19052013_MRS_5000_01-200x133.jpg\" class=\"attachment-thumbnail size-thumbnail\" alt=\"Barred Warbler\" aria-describedby=\"gallery-1-2888\" srcset=\"http:\/\/marcinsolowiej.pl\/wp-content\/uploads\/2017\/06\/Sylvia-nisoria_Przesocin_19052013_MRS_5000_01-200x133.jpg 200w, http:\/\/marcinsolowiej.pl\/wp-content\/uploads\/2017\/06\/Sylvia-nisoria_Przesocin_19052013_MRS_5000_01-624x416.jpg 624w, http:\/\/marcinsolowiej.pl\/wp-content\/uploads\/2017\/06\/Sylvia-nisoria_Przesocin_19052013_MRS_5000_01.jpg 900w\" sizes=\"auto, (max-width: 200px) 100vw, 200px\" \/><\/a>\n\t\t\t<\/dt>\n\t\t\t\t<dd class='wp-caption-text gallery-caption' id='gallery-1-2888'>\n\t\t\t\tjarz\u0119batka<i>Prz\u0119socin,  gm.Police, 19.05.2013<\/i>\n\t\t\t\t<\/dd><\/dl><dl class='gallery-item'>\n\t\t\t<dt class='gallery-icon landscape'>\n\t\t\t\t<a href='http:\/\/marcinsolowiej.pl\/?attachment_id=2889'><img loading=\"lazy\" decoding=\"async\" width=\"200\" height=\"133\" src=\"http:\/\/marcinsolowiej.pl\/wp-content\/uploads\/2017\/06\/Sylvia-nisoria_Przesocin_19052013_MRS_5011_01-200x133.jpg\" class=\"attachment-thumbnail size-thumbnail\" alt=\"Barred Warbler\" aria-describedby=\"gallery-1-2889\" srcset=\"http:\/\/marcinsolowiej.pl\/wp-content\/uploads\/2017\/06\/Sylvia-nisoria_Przesocin_19052013_MRS_5011_01-200x133.jpg 200w, http:\/\/marcinsolowiej.pl\/wp-content\/uploads\/2017\/06\/Sylvia-nisoria_Przesocin_19052013_MRS_5011_01-624x416.jpg 624w, http:\/\/marcinsolowiej.pl\/wp-content\/uploads\/2017\/06\/Sylvia-nisoria_Przesocin_19052013_MRS_5011_01.jpg 900w\" sizes=\"auto, (max-width: 200px) 100vw, 200px\" \/><\/a>\n\t\t\t<\/dt>\n\t\t\t\t<dd class='wp-caption-text gallery-caption' id='gallery-1-2889'>\n\t\t\t\tjarz\u0119batka<i>Prz\u0119socin,  gm.Police, 19.05.2013<\/i>\n\t\t\t\t<\/dd><\/dl><dl class='gallery-item'>\n\t\t\t<dt class='gallery-icon landscape'>\n\t\t\t\t<a href='http:\/\/marcinsolowiej.pl\/?attachment_id=2891'><img loading=\"lazy\" decoding=\"async\" width=\"200\" height=\"133\" src=\"http:\/\/marcinsolowiej.pl\/wp-content\/uploads\/2017\/06\/Sylvia-nisoria_Laka_28052015_MRS_2475_01-200x133.jpg\" class=\"attachment-thumbnail size-thumbnail\" alt=\"Barred Warbler\" aria-describedby=\"gallery-1-2891\" srcset=\"http:\/\/marcinsolowiej.pl\/wp-content\/uploads\/2017\/06\/Sylvia-nisoria_Laka_28052015_MRS_2475_01-200x133.jpg 200w, http:\/\/marcinsolowiej.pl\/wp-content\/uploads\/2017\/06\/Sylvia-nisoria_Laka_28052015_MRS_2475_01-624x416.jpg 624w, http:\/\/marcinsolowiej.pl\/wp-content\/uploads\/2017\/06\/Sylvia-nisoria_Laka_28052015_MRS_2475_01.jpg 900w\" sizes=\"auto, (max-width: 200px) 100vw, 200px\" \/><\/a>\n\t\t\t<\/dt>\n\t\t\t\t<dd class='wp-caption-text gallery-caption' id='gallery-1-2891'>\n\t\t\t\tjarz\u0119batka<i>\u0141\u0105ka,  gm.Stepnica, 28.05.2015<\/i>\n\t\t\t\t<\/dd><\/dl><br style=\"clear: both\" \/><dl class='gallery-item'>\n\t\t\t<dt class='gallery-icon landscape'>\n\t\t\t\t<a href='http:\/\/marcinsolowiej.pl\/?attachment_id=2890'><img loading=\"lazy\" decoding=\"async\" width=\"200\" height=\"133\" src=\"http:\/\/marcinsolowiej.pl\/wp-content\/uploads\/2017\/06\/Sylvia-nisoria_Laka_28052015_MRS_2508_01-200x133.jpg\" class=\"attachment-thumbnail size-thumbnail\" alt=\"Barred Warbler\" aria-describedby=\"gallery-1-2890\" srcset=\"http:\/\/marcinsolowiej.pl\/wp-content\/uploads\/2017\/06\/Sylvia-nisoria_Laka_28052015_MRS_2508_01-200x133.jpg 200w, http:\/\/marcinsolowiej.pl\/wp-content\/uploads\/2017\/06\/Sylvia-nisoria_Laka_28052015_MRS_2508_01-624x416.jpg 624w, http:\/\/marcinsolowiej.pl\/wp-content\/uploads\/2017\/06\/Sylvia-nisoria_Laka_28052015_MRS_2508_01.jpg 900w\" sizes=\"auto, (max-width: 200px) 100vw, 200px\" \/><\/a>\n\t\t\t<\/dt>\n\t\t\t\t<dd class='wp-caption-text gallery-caption' id='gallery-1-2890'>\n\t\t\t\tjarz\u0119batka<i>\u0141\u0105ka,  gm.Stepnica, 28.05.2015<\/i>\n\t\t\t\t<\/dd><\/dl><dl class='gallery-item'>\n\t\t\t<dt class='gallery-icon landscape'>\n\t\t\t\t<a href='http:\/\/marcinsolowiej.pl\/?attachment_id=2892'><img loading=\"lazy\" decoding=\"async\" width=\"200\" height=\"133\" src=\"http:\/\/marcinsolowiej.pl\/wp-content\/uploads\/2017\/06\/Krynica-Morska_31052016_DSCN6970-200x133.jpg\" class=\"attachment-thumbnail size-thumbnail\" alt=\"Barred Warbler\" aria-describedby=\"gallery-1-2892\" srcset=\"http:\/\/marcinsolowiej.pl\/wp-content\/uploads\/2017\/06\/Krynica-Morska_31052016_DSCN6970-200x133.jpg 200w, http:\/\/marcinsolowiej.pl\/wp-content\/uploads\/2017\/06\/Krynica-Morska_31052016_DSCN6970-624x416.jpg 624w, http:\/\/marcinsolowiej.pl\/wp-content\/uploads\/2017\/06\/Krynica-Morska_31052016_DSCN6970.jpg 900w\" sizes=\"auto, (max-width: 200px) 100vw, 200px\" \/><\/a>\n\t\t\t<\/dt>\n\t\t\t\t<dd class='wp-caption-text gallery-caption' id='gallery-1-2892'>\n\t\t\t\tjarz\u0119batka<i>Krynica morska, 31.05.2016<\/i>\n\t\t\t\t<\/dd><\/dl>\n\t\t\t<br style='clear: both' \/>\n\t\t<\/div>\n\n","protected":false},"excerpt":{"rendered":"","protected":false},"author":6,"featured_media":0,"parent":688,"menu_order":29,"comment_status":"closed","ping_status":"open","template":"","meta":{"footnotes":""},"class_list":["post-2894","page","type-page","status-publish","hentry"],"_links":{"self":[{"href":"http:\/\/marcinsolowiej.pl\/index.php?rest_route=\/wp\/v2\/pages\/2894","targetHints":{"allow":["GET"]}}],"collection":[{"href":"http:\/\/marcinsolowiej.pl\/index.php?rest_route=\/wp\/v2\/pages"}],"about":[{"href":"http:\/\/marcinsolowiej.pl\/index.php?rest_route=\/wp\/v2\/types\/page"}],"author":[{"embeddable":true,"href":"http:\/\/marcinsolowiej.pl\/index.php?rest_route=\/wp\/v2\/users\/6"}],"replies":[{"embeddable":true,"href":"http:\/\/marcinsolowiej.pl\/index.php?rest_route=%2Fwp%2Fv2%2Fcomments&post=2894"}],"version-history":[{"count":2,"href":"http:\/\/marcinsolowiej.pl\/index.php?rest_route=\/wp\/v2\/pages\/2894\/revisions"}],"predecessor-version":[{"id":2896,"href":"http:\/\/marcinsolowiej.pl\/index.php?rest_route=\/wp\/v2\/pages\/2894\/revisions\/2896"}],"up":[{"embeddable":true,"href":"http:\/\/marcinsolowiej.pl\/index.php?rest_route=\/wp\/v2\/pages\/688"}],"wp:attachment":[{"href":"http:\/\/marcinsolowiej.pl\/index.php?rest_route=%2Fwp%2Fv2%2Fmedia&parent=2894"}],"curies":[{"name":"wp","href":"https:\/\/api.w.org\/{rel}","templated":true}]}}