{"id":3017,"date":"2017-08-07T16:56:54","date_gmt":"2017-08-07T15:56:54","guid":{"rendered":"http:\/\/marcinsolowiej.pl\/?page_id=3017"},"modified":"2017-08-07T17:55:14","modified_gmt":"2017-08-07T16:55:14","slug":"biegus-maly","status":"publish","type":"page","link":"http:\/\/marcinsolowiej.pl\/?page_id=3017","title":{"rendered":"biegus ma\u0142y"},"content":{"rendered":"\n\t\t<style type=\"text\/css\">\n\t\t\t#gallery-1 {\n\t\t\t\tmargin: auto;\n\t\t\t}\n\t\t\t#gallery-1 .gallery-item {\n\t\t\t\tfloat: left;\n\t\t\t\tmargin-top: 10px;\n\t\t\t\ttext-align: center;\n\t\t\t\twidth: 33%;\n\t\t\t}\n\t\t\t#gallery-1 img {\n\t\t\t\tborder: 2px solid #cfcfcf;\n\t\t\t}\n\t\t\t#gallery-1 .gallery-caption {\n\t\t\t\tmargin-left: 0;\n\t\t\t}\n\t\t\t\/* see gallery_shortcode() in wp-includes\/media.php *\/\n\t\t<\/style>\n\t\t<div id='gallery-1' class='gallery galleryid-3017 gallery-columns-3 gallery-size-thumbnail'><dl class='gallery-item'>\n\t\t\t<dt class='gallery-icon landscape'>\n\t\t\t\t<a href='http:\/\/marcinsolowiej.pl\/?attachment_id=2989'><img loading=\"lazy\" decoding=\"async\" width=\"200\" height=\"133\" src=\"http:\/\/marcinsolowiej.pl\/wp-content\/uploads\/2017\/08\/Falochron_20072017_MRS_4090_1-200x133.jpg\" class=\"attachment-thumbnail size-thumbnail\" alt=\"Temminck&#039;s Stint\" aria-describedby=\"gallery-1-2989\" srcset=\"http:\/\/marcinsolowiej.pl\/wp-content\/uploads\/2017\/08\/Falochron_20072017_MRS_4090_1-200x133.jpg 200w, http:\/\/marcinsolowiej.pl\/wp-content\/uploads\/2017\/08\/Falochron_20072017_MRS_4090_1-768x512.jpg 768w, http:\/\/marcinsolowiej.pl\/wp-content\/uploads\/2017\/08\/Falochron_20072017_MRS_4090_1-624x416.jpg 624w, http:\/\/marcinsolowiej.pl\/wp-content\/uploads\/2017\/08\/Falochron_20072017_MRS_4090_1.jpg 900w\" sizes=\"auto, (max-width: 200px) 100vw, 200px\" \/><\/a>\n\t\t\t<\/dt>\n\t\t\t\t<dd class='wp-caption-text gallery-caption' id='gallery-1-2989'>\n\t\t\t\tbiegus ma\u0142y<i>ad, \u015awinouj\u015bcie, 20.07.2017<\/i>\n\t\t\t\t<\/dd><\/dl><dl class='gallery-item'>\n\t\t\t<dt class='gallery-icon landscape'>\n\t\t\t\t<a href='http:\/\/marcinsolowiej.pl\/?attachment_id=3025'><img loading=\"lazy\" decoding=\"async\" width=\"200\" height=\"133\" src=\"http:\/\/marcinsolowiej.pl\/wp-content\/uploads\/2017\/08\/Calidris-temminckii_Refulat_26082011_IMG_2710-200x133.jpg\" class=\"attachment-thumbnail size-thumbnail\" alt=\"\" aria-describedby=\"gallery-1-3025\" srcset=\"http:\/\/marcinsolowiej.pl\/wp-content\/uploads\/2017\/08\/Calidris-temminckii_Refulat_26082011_IMG_2710-200x133.jpg 200w, http:\/\/marcinsolowiej.pl\/wp-content\/uploads\/2017\/08\/Calidris-temminckii_Refulat_26082011_IMG_2710-768x512.jpg 768w, http:\/\/marcinsolowiej.pl\/wp-content\/uploads\/2017\/08\/Calidris-temminckii_Refulat_26082011_IMG_2710-624x416.jpg 624w, http:\/\/marcinsolowiej.pl\/wp-content\/uploads\/2017\/08\/Calidris-temminckii_Refulat_26082011_IMG_2710.jpg 900w\" sizes=\"auto, (max-width: 200px) 100vw, 200px\" \/><\/a>\n\t\t\t<\/dt>\n\t\t\t\t<dd class='wp-caption-text gallery-caption' id='gallery-1-3025'>\n\t\t\t\tbiegus ma\u0142y<i>\u015awinouj\u015bcie, 26.08.2011<\/i>\n\t\t\t\t<\/dd><\/dl><dl class='gallery-item'>\n\t\t\t<dt class='gallery-icon landscape'>\n\t\t\t\t<a href='http:\/\/marcinsolowiej.pl\/?attachment_id=3029'><img loading=\"lazy\" decoding=\"async\" width=\"200\" height=\"133\" src=\"http:\/\/marcinsolowiej.pl\/wp-content\/uploads\/2017\/08\/Falochron_20072017_MRS_4197_1-200x133.jpg\" class=\"attachment-thumbnail size-thumbnail\" alt=\"Temminck&#039;s Stint\" aria-describedby=\"gallery-1-3029\" srcset=\"http:\/\/marcinsolowiej.pl\/wp-content\/uploads\/2017\/08\/Falochron_20072017_MRS_4197_1-200x133.jpg 200w, http:\/\/marcinsolowiej.pl\/wp-content\/uploads\/2017\/08\/Falochron_20072017_MRS_4197_1-768x512.jpg 768w, http:\/\/marcinsolowiej.pl\/wp-content\/uploads\/2017\/08\/Falochron_20072017_MRS_4197_1-624x416.jpg 624w, http:\/\/marcinsolowiej.pl\/wp-content\/uploads\/2017\/08\/Falochron_20072017_MRS_4197_1.jpg 900w\" sizes=\"auto, (max-width: 200px) 100vw, 200px\" \/><\/a>\n\t\t\t<\/dt>\n\t\t\t\t<dd class='wp-caption-text gallery-caption' id='gallery-1-3029'>\n\t\t\t\tbiegus ma\u0142y<i>ad, \u015awinouj\u015bcie, 20.07.2017<\/i>\n\t\t\t\t<\/dd><\/dl><br style=\"clear: both\" \/><dl class='gallery-item'>\n\t\t\t<dt class='gallery-icon landscape'>\n\t\t\t\t<a href='http:\/\/marcinsolowiej.pl\/?attachment_id=3028'><img loading=\"lazy\" decoding=\"async\" width=\"200\" height=\"133\" src=\"http:\/\/marcinsolowiej.pl\/wp-content\/uploads\/2017\/08\/Falochron_20072017_MRS_4199_1-200x133.jpg\" class=\"attachment-thumbnail size-thumbnail\" alt=\"Temminck&#039;s Stint\" aria-describedby=\"gallery-1-3028\" srcset=\"http:\/\/marcinsolowiej.pl\/wp-content\/uploads\/2017\/08\/Falochron_20072017_MRS_4199_1-200x133.jpg 200w, http:\/\/marcinsolowiej.pl\/wp-content\/uploads\/2017\/08\/Falochron_20072017_MRS_4199_1-768x512.jpg 768w, http:\/\/marcinsolowiej.pl\/wp-content\/uploads\/2017\/08\/Falochron_20072017_MRS_4199_1-624x416.jpg 624w, http:\/\/marcinsolowiej.pl\/wp-content\/uploads\/2017\/08\/Falochron_20072017_MRS_4199_1.jpg 900w\" sizes=\"auto, (max-width: 200px) 100vw, 200px\" \/><\/a>\n\t\t\t<\/dt>\n\t\t\t\t<dd class='wp-caption-text gallery-caption' id='gallery-1-3028'>\n\t\t\t\tbiegus ma\u0142y<i>ad, \u015awinouj\u015bcie, 20.07.2017<\/i>\n\t\t\t\t<\/dd><\/dl><dl class='gallery-item'>\n\t\t\t<dt class='gallery-icon landscape'>\n\t\t\t\t<a href='http:\/\/marcinsolowiej.pl\/?attachment_id=3027'><img loading=\"lazy\" decoding=\"async\" width=\"200\" height=\"133\" src=\"http:\/\/marcinsolowiej.pl\/wp-content\/uploads\/2017\/08\/Falochron_20072017_MRS_4210_1-200x133.jpg\" class=\"attachment-thumbnail size-thumbnail\" alt=\"Temminck&#039;s Stint\" aria-describedby=\"gallery-1-3027\" srcset=\"http:\/\/marcinsolowiej.pl\/wp-content\/uploads\/2017\/08\/Falochron_20072017_MRS_4210_1-200x133.jpg 200w, http:\/\/marcinsolowiej.pl\/wp-content\/uploads\/2017\/08\/Falochron_20072017_MRS_4210_1-768x512.jpg 768w, http:\/\/marcinsolowiej.pl\/wp-content\/uploads\/2017\/08\/Falochron_20072017_MRS_4210_1-624x416.jpg 624w, http:\/\/marcinsolowiej.pl\/wp-content\/uploads\/2017\/08\/Falochron_20072017_MRS_4210_1.jpg 900w\" sizes=\"auto, (max-width: 200px) 100vw, 200px\" \/><\/a>\n\t\t\t<\/dt>\n\t\t\t\t<dd class='wp-caption-text gallery-caption' id='gallery-1-3027'>\n\t\t\t\tbiegus ma\u0142y<i>ad, \u015awinouj\u015bcie, 20.07.2017<\/i>\n\t\t\t\t<\/dd><\/dl>\n\t\t\t<br style='clear: both' \/>\n\t\t<\/div>\n\n","protected":false},"excerpt":{"rendered":"","protected":false},"author":6,"featured_media":0,"parent":637,"menu_order":17,"comment_status":"closed","ping_status":"closed","template":"","meta":{"footnotes":""},"class_list":["post-3017","page","type-page","status-publish","hentry"],"_links":{"self":[{"href":"http:\/\/marcinsolowiej.pl\/index.php?rest_route=\/wp\/v2\/pages\/3017","targetHints":{"allow":["GET"]}}],"collection":[{"href":"http:\/\/marcinsolowiej.pl\/index.php?rest_route=\/wp\/v2\/pages"}],"about":[{"href":"http:\/\/marcinsolowiej.pl\/index.php?rest_route=\/wp\/v2\/types\/page"}],"author":[{"embeddable":true,"href":"http:\/\/marcinsolowiej.pl\/index.php?rest_route=\/wp\/v2\/users\/6"}],"replies":[{"embeddable":true,"href":"http:\/\/marcinsolowiej.pl\/index.php?rest_route=%2Fwp%2Fv2%2Fcomments&post=3017"}],"version-history":[{"count":3,"href":"http:\/\/marcinsolowiej.pl\/index.php?rest_route=\/wp\/v2\/pages\/3017\/revisions"}],"predecessor-version":[{"id":3030,"href":"http:\/\/marcinsolowiej.pl\/index.php?rest_route=\/wp\/v2\/pages\/3017\/revisions\/3030"}],"up":[{"embeddable":true,"href":"http:\/\/marcinsolowiej.pl\/index.php?rest_route=\/wp\/v2\/pages\/637"}],"wp:attachment":[{"href":"http:\/\/marcinsolowiej.pl\/index.php?rest_route=%2Fwp%2Fv2%2Fmedia&parent=3017"}],"curies":[{"name":"wp","href":"https:\/\/api.w.org\/{rel}","templated":true}]}}