{"id":4035,"date":"2022-08-22T00:22:38","date_gmt":"2022-08-21T23:22:38","guid":{"rendered":"http:\/\/marcinsolowiej.pl\/?page_id=4035"},"modified":"2022-08-22T00:26:40","modified_gmt":"2022-08-21T23:26:40","slug":"szlachar","status":"publish","type":"page","link":"http:\/\/marcinsolowiej.pl\/?page_id=4035","title":{"rendered":"szlachar"},"content":{"rendered":"\n\t\t<style type=\"text\/css\">\n\t\t\t#gallery-1 {\n\t\t\t\tmargin: auto;\n\t\t\t}\n\t\t\t#gallery-1 .gallery-item {\n\t\t\t\tfloat: left;\n\t\t\t\tmargin-top: 10px;\n\t\t\t\ttext-align: center;\n\t\t\t\twidth: 33%;\n\t\t\t}\n\t\t\t#gallery-1 img {\n\t\t\t\tborder: 2px solid #cfcfcf;\n\t\t\t}\n\t\t\t#gallery-1 .gallery-caption {\n\t\t\t\tmargin-left: 0;\n\t\t\t}\n\t\t\t\/* see gallery_shortcode() in wp-includes\/media.php *\/\n\t\t<\/style>\n\t\t<div id='gallery-1' class='gallery galleryid-4035 gallery-columns-3 gallery-size-thumbnail'><dl class='gallery-item'>\n\t\t\t<dt class='gallery-icon landscape'>\n\t\t\t\t<a href='http:\/\/marcinsolowiej.pl\/?attachment_id=3171'><img loading=\"lazy\" decoding=\"async\" width=\"200\" height=\"133\" src=\"http:\/\/marcinsolowiej.pl\/wp-content\/uploads\/2018\/01\/Wise\u0142ka-Dziwn\u00f3w_06012018_MRS2152_01-200x133.jpg\" class=\"attachment-thumbnail size-thumbnail\" alt=\"Red-breasted Merganser\" aria-describedby=\"gallery-1-3171\" srcset=\"http:\/\/marcinsolowiej.pl\/wp-content\/uploads\/2018\/01\/Wise\u0142ka-Dziwn\u00f3w_06012018_MRS2152_01-200x133.jpg 200w, http:\/\/marcinsolowiej.pl\/wp-content\/uploads\/2018\/01\/Wise\u0142ka-Dziwn\u00f3w_06012018_MRS2152_01-768x512.jpg 768w, http:\/\/marcinsolowiej.pl\/wp-content\/uploads\/2018\/01\/Wise\u0142ka-Dziwn\u00f3w_06012018_MRS2152_01-1024x683.jpg 1024w, http:\/\/marcinsolowiej.pl\/wp-content\/uploads\/2018\/01\/Wise\u0142ka-Dziwn\u00f3w_06012018_MRS2152_01-624x416.jpg 624w, http:\/\/marcinsolowiej.pl\/wp-content\/uploads\/2018\/01\/Wise\u0142ka-Dziwn\u00f3w_06012018_MRS2152_01.jpg 1200w\" sizes=\"auto, (max-width: 200px) 100vw, 200px\" \/><\/a>\n\t\t\t<\/dt>\n\t\t\t\t<dd class='wp-caption-text gallery-caption' id='gallery-1-3171'>\n\t\t\t\tszlachar <i>\u015awi\u0119tou\u015b\u0107, pow.kamie\u0144ski, 06.01.2018<\/i>\n\t\t\t\t<\/dd><\/dl><dl class='gallery-item'>\n\t\t\t<dt class='gallery-icon landscape'>\n\t\t\t\t<a href='http:\/\/marcinsolowiej.pl\/?attachment_id=3170'><img loading=\"lazy\" decoding=\"async\" width=\"200\" height=\"133\" src=\"http:\/\/marcinsolowiej.pl\/wp-content\/uploads\/2018\/01\/Wise\u0142ka-Dziwn\u00f3w_06012018_MRS2150_01-200x133.jpg\" class=\"attachment-thumbnail size-thumbnail\" alt=\"Red-breasted Merganser\" aria-describedby=\"gallery-1-3170\" srcset=\"http:\/\/marcinsolowiej.pl\/wp-content\/uploads\/2018\/01\/Wise\u0142ka-Dziwn\u00f3w_06012018_MRS2150_01-200x133.jpg 200w, http:\/\/marcinsolowiej.pl\/wp-content\/uploads\/2018\/01\/Wise\u0142ka-Dziwn\u00f3w_06012018_MRS2150_01-768x511.jpg 768w, http:\/\/marcinsolowiej.pl\/wp-content\/uploads\/2018\/01\/Wise\u0142ka-Dziwn\u00f3w_06012018_MRS2150_01-1024x682.jpg 1024w, http:\/\/marcinsolowiej.pl\/wp-content\/uploads\/2018\/01\/Wise\u0142ka-Dziwn\u00f3w_06012018_MRS2150_01-624x415.jpg 624w, http:\/\/marcinsolowiej.pl\/wp-content\/uploads\/2018\/01\/Wise\u0142ka-Dziwn\u00f3w_06012018_MRS2150_01.jpg 1200w\" sizes=\"auto, (max-width: 200px) 100vw, 200px\" \/><\/a>\n\t\t\t<\/dt>\n\t\t\t\t<dd class='wp-caption-text gallery-caption' id='gallery-1-3170'>\n\t\t\t\tszlachar <i>\u015awi\u0119tou\u015b\u0107, pow.kamie\u0144ski, 06.01.2018<\/i>\n\t\t\t\t<\/dd><\/dl>\n\t\t\t<br style='clear: both' \/>\n\t\t<\/div>\n\n","protected":false},"excerpt":{"rendered":"","protected":false},"author":6,"featured_media":0,"parent":521,"menu_order":60,"comment_status":"closed","ping_status":"closed","template":"","meta":{"footnotes":""},"class_list":["post-4035","page","type-page","status-publish","hentry"],"_links":{"self":[{"href":"http:\/\/marcinsolowiej.pl\/index.php?rest_route=\/wp\/v2\/pages\/4035","targetHints":{"allow":["GET"]}}],"collection":[{"href":"http:\/\/marcinsolowiej.pl\/index.php?rest_route=\/wp\/v2\/pages"}],"about":[{"href":"http:\/\/marcinsolowiej.pl\/index.php?rest_route=\/wp\/v2\/types\/page"}],"author":[{"embeddable":true,"href":"http:\/\/marcinsolowiej.pl\/index.php?rest_route=\/wp\/v2\/users\/6"}],"replies":[{"embeddable":true,"href":"http:\/\/marcinsolowiej.pl\/index.php?rest_route=%2Fwp%2Fv2%2Fcomments&post=4035"}],"version-history":[{"count":2,"href":"http:\/\/marcinsolowiej.pl\/index.php?rest_route=\/wp\/v2\/pages\/4035\/revisions"}],"predecessor-version":[{"id":4038,"href":"http:\/\/marcinsolowiej.pl\/index.php?rest_route=\/wp\/v2\/pages\/4035\/revisions\/4038"}],"up":[{"embeddable":true,"href":"http:\/\/marcinsolowiej.pl\/index.php?rest_route=\/wp\/v2\/pages\/521"}],"wp:attachment":[{"href":"http:\/\/marcinsolowiej.pl\/index.php?rest_route=%2Fwp%2Fv2%2Fmedia&parent=4035"}],"curies":[{"name":"wp","href":"https:\/\/api.w.org\/{rel}","templated":true}]}}